{"id":949,"date":"2019-12-09T15:38:15","date_gmt":"2019-12-09T16:38:15","guid":{"rendered":"http:\/\/chruscielowisko.dzwiek.org\/?page_id=949"},"modified":"2026-04-11T19:46:11","modified_gmt":"2026-04-11T17:46:11","slug":"oprawki-cylindryczne-rogowe-2","status":"publish","type":"page","link":"https:\/\/chruscielowisko.org\/?page_id=949","title":{"rendered":"grzywny grotopodobne"},"content":{"rendered":"<p><small><small><i>opublikowano:<\/i> 2026-04-07<i>, ostatnia aktualizacja:<\/i> 2026-04-08<\/small><\/small><\/p>\n<p>W niniejszym tek\u015bcie przybli\u017cymy nieco przedmioty przybieraj\u0105ce form\u0119 \u017celaznych ma\u0142ych smuk\u0142ych sztabek, kt\u00f3rych najwi\u0119ksza szeroko\u015b\u0107 przypada w 2\/3 lub 3\/4 ich wysoko\u015bci. Kr\u00f3tszy z ko\u0144c\u00f3w jest okr\u0105g\u0142y w przekroju, natomiast d\u0142u\u017cszy jest prostok\u0105tny. Zabytki pomimo zauwa\u017calnej standaryzacji kszta\u0142tu, r\u00f3\u017cni\u0105 si\u0119 rozmiarami i ci\u0119\u017carem. Przywo\u0142am tu tylko te dane, kt\u00f3re bli\u017cej opisano w literaturze: Trepcza-Horodno &#8211; zakres d\u0142ugo\u015bci 4,8-8,7 cm i wagi r\u00f3wne 10 g, 15 g, 30 g, 40 g, 45 g (Kotowicz 2002 s. 221) oraz Gil\u00f3w &#8211; zakres d\u0142ugo\u015bci 6,0-7,2 cm i wagi r\u00f3wne 12 g, 16 g, 18 g (Jaworski 2005 s. 293).<\/p>\n<div id='gallery-1' class='gallery galleryid-949 gallery-columns-2 gallery-size-thumbnail'><figure class='gallery-item'>\n\t\t\t<div class='gallery-icon portrait'>\n\t\t\t\t<a href='https:\/\/chruscielowisko.org\/wp-content\/uploads\/2023\/02\/grzywny.jpg'><img loading=\"lazy\" decoding=\"async\" width=\"150\" height=\"150\" src=\"https:\/\/chruscielowisko.org\/wp-content\/uploads\/2023\/02\/grzywny-150x150.jpg\" class=\"attachment-thumbnail size-thumbnail\" alt=\"\" aria-describedby=\"gallery-1-1425\" \/><\/a>\n\t\t\t<\/div>\n\t\t\t\t<figcaption class='wp-caption-text gallery-caption' id='gallery-1-1425'>\n\t\t\t\tGil\u00f3w (Jaworski 2005 Ryc. 150)\n\t\t\t\t<\/figcaption><\/figure><figure class='gallery-item'>\n\t\t\t<div class='gallery-icon portrait'>\n\t\t\t\t<a href='https:\/\/chruscielowisko.org\/wp-content\/uploads\/2026\/04\/Kotowicz_2002_Ryc_2.jpg'><img loading=\"lazy\" decoding=\"async\" width=\"150\" height=\"150\" src=\"https:\/\/chruscielowisko.org\/wp-content\/uploads\/2026\/04\/Kotowicz_2002_Ryc_2-150x150.jpg\" class=\"attachment-thumbnail size-thumbnail\" alt=\"\" aria-describedby=\"gallery-1-5127\" \/><\/a>\n\t\t\t<\/div>\n\t\t\t\t<figcaption class='wp-caption-text gallery-caption' id='gallery-1-5127'>\n\t\t\t\tTrepcza-Horodna (Kotowicz 2002 Ryc. 2)\n\t\t\t\t<\/figcaption><\/figure>\n\t\t<\/div>\n\n<p>Tytu\u0142owe zabytki by\u0142y r\u00f3\u017cnie nazywane w literaturze tematu, cz\u0119sto mianem sugeruj\u0105cym ich rol\u0119 np. &#8220;grot&#8221;, grot \u017celazny, grot be\u0142tu kuszy, grzywna grotopodobna, przedmiot grotopodobny, grzywienka, przebijak, szyd\u0142o, d\u0142utko, ostrze (Jaworski 2005 s. 294), albo od najbardziej reprezentatywnej serii &#8211; sztabkami typu Gil\u00f3w (Jaworski et al. 2026 s. 154). W\u015br\u00f3d najpopularniejszych teorii t\u0142umacz\u0105cych ich zastosowanie jawi\u0105 si\u0119 one jako: groty drewnianej maczugi &#8211; w Gilowie 6 &#8220;grot\u00f3w&#8221; wyst\u0105pi\u0142o w skupieniu o \u015brednicy 40 cm, gwo\u017adzie do \u0142\u0105czenia drewnianych element\u00f3w konstrukcji wa\u0142\u00f3w &#8211; w Gilowie w sumie 10 sztuk wyst\u0105pi\u0142o w wale lub jego s\u0105siedztwie oraz p\u0142acid\u0142a &#8211; depozyt przedmiot\u00f3w \u017celaznych w Gilowie i nagromadzenie zabytk\u00f3w w Trepczy (Jaworski 2005 s. 294). Nie wyklucza si\u0119 r\u00f3wnie\u017c, \u017ce mog\u0142y pe\u0142ni\u0107 funkcj\u0119 p\u00f3\u0142fabrykat\u00f3w do produkcji grot\u00f3w lub no\u017cy (Kotowicz 2002 s. 225), albo te\u017c punc do t\u0142oczenia wzor\u00f3w na blasze, czy kolc\u00f3w brony (Jaworski et al. 2026 s. 154).<\/p>\n<p>Badacz gilowskiego grodziska proponuje datowane grzywien grotopodobnych na IX wiek: Gil\u00f3w, Mikul\u010dice, B\u0159eclav-Pohansko, prawdopodobinie okazy z miejscowo\u015bci Trepcza, Naszacowice, Czelad\u017a Wielka, Chodlik oraz na X wiek: Obisz\u00f3w (Jaworski 2005 s. 294). Podkre\u015bla r\u00f3wnie\u017c, \u017ce na wielu z polskich stanowisk, na kt\u00f3rych odkryto grzywny grotopodobne, wyst\u0105pi\u0142y r\u00f3wnie\u017c zabytki o proweniencji wielkomorawskiej (Jaworski et al. 2026 s. 154).<\/p>\n<div id='gallery-2' class='gallery galleryid-949 gallery-columns-1 gallery-size-thumbnail'><figure class='gallery-item'>\n\t\t\t<div class='gallery-icon portrait'>\n\t\t\t\t<a href='https:\/\/chruscielowisko.org\/wp-content\/uploads\/2026\/04\/Kotowicz_2002_Ryc_3.jpg'><img loading=\"lazy\" decoding=\"async\" width=\"150\" height=\"150\" src=\"https:\/\/chruscielowisko.org\/wp-content\/uploads\/2026\/04\/Kotowicz_2002_Ryc_3-150x150.jpg\" class=\"attachment-thumbnail size-thumbnail\" alt=\"\" aria-describedby=\"gallery-2-5102\" \/><\/a>\n\t\t\t<\/div>\n\t\t\t\t<figcaption class='wp-caption-text gallery-caption' id='gallery-2-5102'>\n\t\t\t\tKotowicz 2002 Ryc. 3\n\t\t\t\t<\/figcaption><\/figure>\n\t\t<\/div>\n\n<p>Wachowski sugerowa\u0142 \u015bl\u0105sk\u0105 genez\u0119 grzywien grotopodobnych, kt\u00f3re mia\u0142y wype\u0142ni\u0107 luk\u0119 w obszarze wyst\u0119powania grzywien siekierkopodobnych jako p\u0142acid\u0142a do finansowania drobniejszych transakcji ni\u017c tych zawieranych z udzia\u0142em <a href=\"https:\/\/chruscielowisko.org\/?page_id=1418\">mis tzw. typu \u015bl\u0105skiego<\/a> (Wachowski 1997 s. 69). Wydaj\u0119 si\u0119 jednak, \u017ce przedmioty mia\u0142y charakter interregionalny (Kotowicz 2002 s. 225).<\/p>\n<div id='gallery-3' class='gallery galleryid-949 gallery-columns-2 gallery-size-thumbnail'><figure class='gallery-item'>\n\t\t\t<div class='gallery-icon portrait'>\n\t\t\t\t<a href='https:\/\/chruscielowisko.org\/wp-content\/uploads\/2026\/04\/grtczw001_01.jpg'><img loading=\"lazy\" decoding=\"async\" width=\"150\" height=\"150\" src=\"https:\/\/chruscielowisko.org\/wp-content\/uploads\/2026\/04\/grtczw001_01-150x150.jpg\" class=\"attachment-thumbnail size-thumbnail\" alt=\"\" aria-describedby=\"gallery-3-5110\" \/><\/a>\n\t\t\t<\/div>\n\t\t\t\t<figcaption class='wp-caption-text gallery-caption' id='gallery-3-5110'>\n\t\t\t\tCzelad\u017a Wielka (Lodowski 1980 Ryc. 22:b)\n\t\t\t\t<\/figcaption><\/figure><figure class='gallery-item'>\n\t\t\t<div class='gallery-icon portrait'>\n\t\t\t\t<a href='https:\/\/chruscielowisko.org\/wp-content\/uploads\/2026\/04\/grtczw002_01.jpg'><img loading=\"lazy\" decoding=\"async\" width=\"150\" height=\"150\" src=\"https:\/\/chruscielowisko.org\/wp-content\/uploads\/2026\/04\/grtczw002_01-150x150.jpg\" class=\"attachment-thumbnail size-thumbnail\" alt=\"\" aria-describedby=\"gallery-3-5111\" \/><\/a>\n\t\t\t<\/div>\n\t\t\t\t<figcaption class='wp-caption-text gallery-caption' id='gallery-3-5111'>\n\t\t\t\tCzelad\u017a Wielka (Lodowski 1980 Ryc. 22:e)\n\t\t\t\t<\/figcaption><\/figure><figure class='gallery-item'>\n\t\t\t<div class='gallery-icon portrait'>\n\t\t\t\t<a href='https:\/\/chruscielowisko.org\/wp-content\/uploads\/2026\/04\/grtobi001_01.jpg'><img loading=\"lazy\" decoding=\"async\" width=\"150\" height=\"150\" src=\"https:\/\/chruscielowisko.org\/wp-content\/uploads\/2026\/04\/grtobi001_01-150x150.jpg\" class=\"attachment-thumbnail size-thumbnail\" alt=\"\" aria-describedby=\"gallery-3-5104\" \/><\/a>\n\t\t\t<\/div>\n\t\t\t\t<figcaption class='wp-caption-text gallery-caption' id='gallery-3-5104'>\n\t\t\t\tObisz\u00f3w, Obi232\/97 (Pokora et al. 1998 Ryc.3:d)\n\t\t\t\t<\/figcaption><\/figure><figure class='gallery-item'>\n\t\t\t<div class='gallery-icon portrait'>\n\t\t\t\t<a href='https:\/\/chruscielowisko.org\/wp-content\/uploads\/2026\/04\/grtobi001_02.jpg'><img loading=\"lazy\" decoding=\"async\" width=\"150\" height=\"150\" src=\"https:\/\/chruscielowisko.org\/wp-content\/uploads\/2026\/04\/grtobi001_02-150x150.jpg\" class=\"attachment-thumbnail size-thumbnail\" alt=\"\" aria-describedby=\"gallery-3-5105\" \/><\/a>\n\t\t\t<\/div>\n\t\t\t\t<figcaption class='wp-caption-text gallery-caption' id='gallery-3-5105'>\n\t\t\t\tObisz\u00f3w, Obi232\/97 (Czapla 2014 Ryc. 54:i)\n\t\t\t\t<\/figcaption><\/figure><figure class='gallery-item'>\n\t\t\t<div class='gallery-icon portrait'>\n\t\t\t\t<a href='https:\/\/chruscielowisko.org\/wp-content\/uploads\/2026\/04\/Siemianowska_praca_mgr_Ryc_2A_I_4.jpg'><img loading=\"lazy\" decoding=\"async\" width=\"150\" height=\"150\" src=\"https:\/\/chruscielowisko.org\/wp-content\/uploads\/2026\/04\/Siemianowska_praca_mgr_Ryc_2A_I_4-150x150.jpg\" class=\"attachment-thumbnail size-thumbnail\" alt=\"\" aria-describedby=\"gallery-3-5114\" \/><\/a>\n\t\t\t<\/div>\n\t\t\t\t<figcaption class='wp-caption-text gallery-caption' id='gallery-3-5114'>\n\t\t\t\tObisz\u00f3w, Obi40a\/86 (Siemianowska 2011 Ryc. 2A\/I:4)\n\t\t\t\t<\/figcaption><\/figure><figure class='gallery-item'>\n\t\t\t<div class='gallery-icon portrait'>\n\t\t\t\t<a href='https:\/\/chruscielowisko.org\/wp-content\/uploads\/2026\/04\/Siemianowska_praca_mgr_Ryc_9_I_6.jpg'><img loading=\"lazy\" decoding=\"async\" width=\"150\" height=\"150\" src=\"https:\/\/chruscielowisko.org\/wp-content\/uploads\/2026\/04\/Siemianowska_praca_mgr_Ryc_9_I_6-150x150.jpg\" class=\"attachment-thumbnail size-thumbnail\" alt=\"\" aria-describedby=\"gallery-3-5115\" \/><\/a>\n\t\t\t<\/div>\n\t\t\t\t<figcaption class='wp-caption-text gallery-caption' id='gallery-3-5115'>\n\t\t\t\tObisz\u00f3w, Obi274\/97 (Siemianowska 2011 Ryc. 9\/I:6)\n\t\t\t\t<\/figcaption><\/figure><figure class='gallery-item'>\n\t\t\t<div class='gallery-icon portrait'>\n\t\t\t\t<a href='https:\/\/chruscielowisko.org\/wp-content\/uploads\/2026\/04\/Siemianowska_praca_mgr_Ryc_9_I_7.jpg'><img loading=\"lazy\" decoding=\"async\" width=\"150\" height=\"150\" src=\"https:\/\/chruscielowisko.org\/wp-content\/uploads\/2026\/04\/Siemianowska_praca_mgr_Ryc_9_I_7-150x150.jpg\" class=\"attachment-thumbnail size-thumbnail\" alt=\"\" aria-describedby=\"gallery-3-5116\" \/><\/a>\n\t\t\t<\/div>\n\t\t\t\t<figcaption class='wp-caption-text gallery-caption' id='gallery-3-5116'>\n\t\t\t\tObisz\u00f3w, Obi285\/97 (Siemianowska 2011 Ryc. 9\/I:7)\n\t\t\t\t<\/figcaption><\/figure><figure class='gallery-item'>\n\t\t\t<div class='gallery-icon portrait'>\n\t\t\t\t<a href='https:\/\/chruscielowisko.org\/wp-content\/uploads\/2026\/04\/grtzuk001_01.jpg'><img loading=\"lazy\" decoding=\"async\" width=\"150\" height=\"150\" src=\"https:\/\/chruscielowisko.org\/wp-content\/uploads\/2026\/04\/grtzuk001_01-150x150.jpg\" class=\"attachment-thumbnail size-thumbnail\" alt=\"\" aria-describedby=\"gallery-3-5108\" \/><\/a>\n\t\t\t<\/div>\n\t\t\t\t<figcaption class='wp-caption-text gallery-caption' id='gallery-3-5108'>\n\t\t\t\t\u017bukowice (Czapla 2014 Ryc. 54:j)\n\t\t\t\t<\/figcaption><\/figure>\n\t\t<\/div>\n\n<p>W literaturze do tej pory zidentyfikowano poni\u017csze grzywny grotopodobne z teren\u00f3w Dziadoszan:<\/p>\n<ul>\n<li>Czelad\u017a Wielka, stan. 2:\n<ul>\n<li>warstwa II poza granicami cmentarza, opisana jako &#8220;szyd\u0142o &#8211; przebijak?&#8221; (Lodowski 1980 s. 45 Ryc. 22:b)<\/li>\n<li>warstwa II poza granicami cmentarza, brak opisu (Lodowski 1980 Ryc. 22:e)<\/li>\n<\/ul>\n<\/li>\n<li>Obisz\u00f3w, stan. 9, znaleziono 5 sztuk, wed\u0142ug informacji ustnej od Paw\u0142a Rze\u017anika (Jaworski 1998 s. 472) &#8211; dotar\u0142em tylko do informacji o 4 zabytkach opisanych jako tzw. groty \u017celazne (Siemianowska 2011 s. 5), s\u0105 w\u015br\u00f3d nich wszystkie 3 egzemplarze wspomniane w publikacjach (Pokora et al. 1998 s. 324-325):\n<ul>\n<li>Obi40a\/86, ob. 2A (Pokora et al. 1998 Ryc.3:d, Czapla 2014 Ryc. 54:i, Siemianowska 2011 Ryc. 2A\/I:4) &#8211; skala zabytku na rysunku w publikacji Czapli odstaje od pozosta\u0142ych<\/li>\n<li>Obi232\/97, ob. 8, w-wa IV (Siemianowska 2011 Ryc. 8\/I:2)<\/li>\n<li>Obi274\/97, ob. 9, w-wa I (Siemianowska 2011 Ryc. 9\/I:6)<\/li>\n<li>Obi285\/97, ob. 9, w-wa IV (Siemianowska 2011 Ryc. 9\/I:7<\/li>\n<\/ul>\n<\/li>\n<li>\u00a0\u017bukowice, stan. 47, warstwa kulturowa (Czapla 2014 Ryc. 54:j)<\/li>\n<\/ul>\n<div id='gallery-4' class='gallery galleryid-949 gallery-columns-3 gallery-size-thumbnail'><figure class='gallery-item'>\n\t\t\t<div class='gallery-icon portrait'>\n\t\t\t\t<a href='https:\/\/chruscielowisko.org\/wp-content\/uploads\/2026\/04\/Kostrzewski_1939_Tabl_L_1_2.jpg'><img loading=\"lazy\" decoding=\"async\" width=\"150\" height=\"150\" src=\"https:\/\/chruscielowisko.org\/wp-content\/uploads\/2026\/04\/Kostrzewski_1939_Tabl_L_1_2-150x150.jpg\" class=\"attachment-thumbnail size-thumbnail\" alt=\"\" aria-describedby=\"gallery-4-5132\" \/><\/a>\n\t\t\t<\/div>\n\t\t\t\t<figcaption class='wp-caption-text gallery-caption' id='gallery-4-5132'>\n\t\t\t\tGniezno (Kostrzewski 1939 Tab. L:1-2))\n\t\t\t\t<\/figcaption><\/figure><figure class='gallery-item'>\n\t\t\t<div class='gallery-icon portrait'>\n\t\t\t\t<a href='https:\/\/chruscielowisko.org\/wp-content\/uploads\/2026\/04\/grzywnagrot_Muzeum_Ziemi_Bilgorajskiej_2.jpg'><img loading=\"lazy\" decoding=\"async\" width=\"150\" height=\"150\" src=\"https:\/\/chruscielowisko.org\/wp-content\/uploads\/2026\/04\/grzywnagrot_Muzeum_Ziemi_Bilgorajskiej_2-150x150.jpg\" class=\"attachment-thumbnail size-thumbnail\" alt=\"\" aria-describedby=\"gallery-4-5134\" \/><\/a>\n\t\t\t<\/div>\n\t\t\t\t<figcaption class='wp-caption-text gallery-caption' id='gallery-4-5134'>\n\t\t\t\t<a href=\"https:\/\/www.facebook.com\/permalink.php?story_fbid=pfbid02dnQC4gs4YoMTfXJK8DdbiX2kb9fPTF912ovP8u6LjcoWAxE8423Nc4aG7zvHMe8jl&amp;id=100063508873425&amp;__cft__[0]=AZan4JL7NbRoVZbV8AFrfnFf2lCJZS11CyGHKRrTveufwSM4Qa7FrVl2xXuERenWcOu5DxGYerbTqFjFdMRzn3-Qx323zzXP0SUmzEq0XbeeE5EmcvXrNOXEqhQJ1pK779Jo384K4s-hdLKdEXBhSVR5vFOakjYYM-t-z2H47BYUxA&amp;__tn__=%2CO%2CP-R\">muzeumbilgoraj.pl<\/a> (fot. Daniel Tereszczuk)\n\t\t\t\t<\/figcaption><\/figure><figure class='gallery-item'>\n\t\t\t<div class='gallery-icon portrait'>\n\t\t\t\t<a href='https:\/\/chruscielowisko.org\/wp-content\/uploads\/2026\/04\/grzywnagrot_Muzeum_Ziemi_Bilgorajskiej_1.jpg'><img loading=\"lazy\" decoding=\"async\" width=\"150\" height=\"150\" src=\"https:\/\/chruscielowisko.org\/wp-content\/uploads\/2026\/04\/grzywnagrot_Muzeum_Ziemi_Bilgorajskiej_1-150x150.jpg\" class=\"attachment-thumbnail size-thumbnail\" alt=\"\" aria-describedby=\"gallery-4-5135\" \/><\/a>\n\t\t\t<\/div>\n\t\t\t\t<figcaption class='wp-caption-text gallery-caption' id='gallery-4-5135'>\n\t\t\t\t<a href=\"https:\/\/www.facebook.com\/permalink.php?story_fbid=pfbid02dnQC4gs4YoMTfXJK8DdbiX2kb9fPTF912ovP8u6LjcoWAxE8423Nc4aG7zvHMe8jl&amp;id=100063508873425&amp;__cft__[0]=AZan4JL7NbRoVZbV8AFrfnFf2lCJZS11CyGHKRrTveufwSM4Qa7FrVl2xXuERenWcOu5DxGYerbTqFjFdMRzn3-Qx323zzXP0SUmzEq0XbeeE5EmcvXrNOXEqhQJ1pK779Jo384K4s-hdLKdEXBhSVR5vFOakjYYM-t-z2H47BYUxA&amp;__tn__=%2CO%2CP-R\">muzeumbilgoraj.pl<\/a> (fot. Daniel Tereszczuk)\n\t\t\t\t<\/figcaption><\/figure>\n\t\t<\/div>\n\n<p>Prawdopodobnie znanych jest o wiele wi\u0119cej tego typu zabytk\u00f3w z teren\u00f3w S\u0142owia\u0144szczyzny, kt\u00f3re nie zosta\u0142y w\u0142a\u015bciwie rozpoznane, jak by\u0107 mo\u017ce zabytki z Gniezna o d\u0142ugo\u015bci oko\u0142o 7 cm opisane jako \u017celazne t\u0142oczki (Kostrzewski 1939 Tab. L:1-2) b\u0105d\u017a nie zosta\u0142y jeszcze opracowane (znalezisko z terenu powiatu bi\u0142gorajskego publikowane na stronie Facebook <a href=\"https:\/\/www.facebook.com\/permalink.php?story_fbid=pfbid02dnQC4gs4YoMTfXJK8DdbiX2kb9fPTF912ovP8u6LjcoWAxE8423Nc4aG7zvHMe8jl&amp;id=100063508873425&amp;__cft__[0]=AZan4JL7NbRoVZbV8AFrfnFf2lCJZS11CyGHKRrTveufwSM4Qa7FrVl2xXuERenWcOu5DxGYerbTqFjFdMRzn3-Qx323zzXP0SUmzEq0XbeeE5EmcvXrNOXEqhQJ1pK779Jo384K4s-hdLKdEXBhSVR5vFOakjYYM-t-z2H47BYUxA&amp;__tn__=%2CO%2CP-R\">Muzeum Ziemi Bi\u0142gorajskiej<\/a>). Istnieje r\u00f3wnie\u017c szansa, \u017ce niekt\u00f3re z tu przytaczanych zabytk\u00f3w w rzeczywisto\u015bci pe\u0142ni\u0142y r\u00f3\u017cne funkcje.<\/p>\n<div id='gallery-5' class='gallery galleryid-949 gallery-columns-1 gallery-size-thumbnail'><figure class='gallery-item'>\n\t\t\t<div class='gallery-icon portrait'>\n\t\t\t\t<a href='https:\/\/chruscielowisko.org\/wp-content\/uploads\/2026\/04\/Jaworski_et_al_2026_il_10.jpg'><img loading=\"lazy\" decoding=\"async\" width=\"150\" height=\"150\" src=\"https:\/\/chruscielowisko.org\/wp-content\/uploads\/2026\/04\/Jaworski_et_al_2026_il_10-150x150.jpg\" class=\"attachment-thumbnail size-thumbnail\" alt=\"\" aria-describedby=\"gallery-5-5154\" \/><\/a>\n\t\t\t<\/div>\n\t\t\t\t<figcaption class='wp-caption-text gallery-caption' id='gallery-5-5154'>\n\t\t\t\tStary Ksi\u0105\u017c (Jaworski et. al 2026 il. 10)\n\t\t\t\t<\/figcaption><\/figure>\n\t\t<\/div>\n\n<p>Ostatnio pojawi\u0142a si\u0119 publikacja opisuj\u0105ca skarb \u017celazny odkryty w jednym z wa\u0142\u00f3w grodziska Stary Ksi\u0105\u017c, w sk\u0142ad kt\u00f3rego wchodzi\u0142a taka grzywna grotopodobna (Jaworski et al. 2026 s. 154). Pozostaje nam cierpliwie czeka\u0107 na udost\u0119pnienie szerszemu gronu wymienionego tam artyku\u0142u ca\u0142kowicie po\u015bwi\u0119conego tytu\u0142owym zabytkom (Jaworski 2025).<\/p>\n<div id='gallery-6' class='gallery galleryid-949 gallery-columns-3 gallery-size-thumbnail'><figure class='gallery-item'>\n\t\t\t<div class='gallery-icon landscape'>\n\t\t\t\t<a href='https:\/\/chruscielowisko.org\/wp-content\/uploads\/2024\/10\/misy_slaskie_placidla_00.jpg'><img loading=\"lazy\" decoding=\"async\" width=\"150\" height=\"150\" src=\"https:\/\/chruscielowisko.org\/wp-content\/uploads\/2024\/10\/misy_slaskie_placidla_00-150x150.jpg\" class=\"attachment-thumbnail size-thumbnail\" alt=\"\" aria-describedby=\"gallery-6-2756\" \/><\/a>\n\t\t\t<\/div>\n\t\t\t\t<figcaption class='wp-caption-text gallery-caption' id='gallery-6-2756'>\n\t\t\t\tjeszcze w ku\u017ani (fot. \u0141ukasz Dudek)\n\t\t\t\t<\/figcaption><\/figure><figure class='gallery-item'>\n\t\t\t<div class='gallery-icon landscape'>\n\t\t\t\t<a href='https:\/\/chruscielowisko.org\/wp-content\/uploads\/2024\/10\/misy_slaskie_placidla_03.jpg'><img loading=\"lazy\" decoding=\"async\" width=\"150\" height=\"150\" src=\"https:\/\/chruscielowisko.org\/wp-content\/uploads\/2024\/10\/misy_slaskie_placidla_03-150x150.jpg\" class=\"attachment-thumbnail size-thumbnail\" alt=\"\" aria-describedby=\"gallery-6-2768\" \/><\/a>\n\t\t\t<\/div>\n\t\t\t\t<figcaption class='wp-caption-text gallery-caption' id='gallery-6-2768'>\n\t\t\t\trekonstrukcja autorstwa \u0141ukasza Dudka\n\t\t\t\t<\/figcaption><\/figure><figure class='gallery-item'>\n\t\t\t<div class='gallery-icon portrait'>\n\t\t\t\t<a href='https:\/\/chruscielowisko.org\/wp-content\/uploads\/2026\/04\/misy_slaskie_placidla_04.jpg'><img loading=\"lazy\" decoding=\"async\" width=\"150\" height=\"150\" src=\"https:\/\/chruscielowisko.org\/wp-content\/uploads\/2026\/04\/misy_slaskie_placidla_04-150x150.jpg\" class=\"attachment-thumbnail size-thumbnail\" alt=\"\" aria-describedby=\"gallery-6-5122\" \/><\/a>\n\t\t\t<\/div>\n\t\t\t\t<figcaption class='wp-caption-text gallery-caption' id='gallery-6-5122'>\n\t\t\t\tp\u0142acid\u0142a wg \u0141ukasza Dudka w portfelu wg Chru\u015bciela\n\t\t\t\t<\/figcaption><\/figure>\n\t\t<\/div>\n\n<p>Moje grzywny grotopodobne, kt\u00f3rych zamierzam u\u017cywa\u0107 jako p\u0142acide\u0142, zosta\u0142y zrekonstruowane przez \u0141ukasza Dudka (<a href=\"https:\/\/www.facebook.com\/profile.php?id=100070963478090\">Hoopoe&#8217;s Forge<\/a>, st\u0105d wyl\u0105dowa\u0142y obok zestawu <a href=\"https:\/\/chruscielowisko.org\/?page_id=1418\">mis tzw. typu \u015bl\u0105skiego<\/a> w portfelu wzorowanym na zabytku z Elisenhof. Dwie z nich zosta\u0142y wykonane z \u017celaza pudlarskiego, ale trudno mi powiedzie\u0107 kt\u00f3re.<\/p>\n<hr \/>\n<p><strong>Literatura<\/strong><\/p>\n<p><strong><sup>Czapla 2014<\/sup><\/strong><br \/>\nCzapla Krzysztof &#8216;Dziadoszanie. Plemi\u0119 zamieszkuj\u0105ce ziemi\u0119 g\u0142ogowsk\u0105 w X wieku&#8217;, G\u0142og\u00f3w 2014;<\/p>\n<p><sup><strong>Jaworski 1998<\/strong><\/sup><br \/>\nJaworski Krzysztof &#8216;Konstrukcje obronne wczesno\u015bredniowiecznego grodziska w Gilowie w \u015bwietle najnowszych bada\u0144&#8217; [w:] &#8216;\u015al\u0105skie Sprawozdania Archeologiczne&#8217;, t. 40, s. 463-474, Wroc\u0142aw;<\/p>\n<p><sup><strong>Jaworski 2005<\/strong><\/sup><br \/>\nJaworski Krzysztof &#8216;Grody w Sudetach (VIII-X w.)&#8217;, Wroc\u0142aw 2005;<\/p>\n<p><sup><strong>Jaworski 2025<\/strong><\/sup><br \/>\nJaworski Krzysztof &#8216;Quod erat demonstrandum. Grzywny grotopodobne &#8211; dzieje problemu i kierunki interpretacji funkcji zabytk\u00f3w&#8217; [w:] &#8216;Pecunia sine finibus. Studia ofiarowane Profesorowi Borysowi Paszkiewiczowi w 65. rocznic\u0119 urodzin&#8217;, Wroc\u0142aw 2025;<\/p>\n<p><sup><strong>Jaworski et al. 2026<\/strong><\/sup><br \/>\nJaworski Krzysztof, Rodak Sylwia, Lisowska Ewa, Pankiewicz Aleksandra &#8216;Wczesno\u015bredniowieczne pocz\u0105tki zamku Stary Ksi\u0105\u017c na Pog\u00f3rzu Wa\u0142brzyskim&#8217; [w:] &#8216;Zeszyty Naukowe Zamku Ksi\u0105\u017c w Wa\u0142brzychu&#8217;, tom II, s. 145-178, Wa\u0142brzych 2026;<\/p>\n<p><sup><strong>Kostrzewski 1939<\/strong><\/sup><br \/>\nKostrzewski J\u00f3zef &#8216;Gniezno w zaraniu dziej\u00f3w (od VIII do XIII wieku) w \u015bwietle wykopalisk&#8217;, Pozna\u0144 1939;<\/p>\n<p><sup><strong>Kotowicz 2002<\/strong><\/sup><br \/>\nKotowicz Piotr &#8216;\u017belazne grzywny grotopodobne z grodziska wczesno\u015bredniowiecznego &#8220;Horodna&#8221; w Trepczy, pow. Sanok&#8217; [w:] &#8216;Materia\u0142y i Sprawozdania Rzeszowskiego O\u015brodka Archeologicznego, t. 23, s. 221-226, Rzesz\u00f3w 2002;<\/p>\n<p><sup><strong>Pokora et al. 1998<\/strong><\/sup><br \/>\nPokora Henryk, Rze\u017anik Pawe\u0142 &#8216;Wznowienie bada\u0144 wykopaliskowych na wczesno\u015bredniowiecznej osadzie w Obiszowie gm. Gr\u0119bocice&#8217; [w:] &#8216;\u015al\u0105skie Sprawozdania Archeologiczne&#8217;, t. 40, s. 321-333, Wroc\u0142aw;<\/p>\n<p><sup><strong>Siemianowska 2011<\/strong><\/sup><br \/>\nSiemianowska Sylwia \u2018Wczesno\u015bredniowieczna osada przygrodowa w Obiszowie (stan. 9), gm. Gr\u0119bocice w \u015bwietle \u017ar\u00f3de\u0142 ceramicznych\u2019, praca magisterska, Archiwum Instytutu Archeologii Uniwersytetu Wroc\u0142awskiego 2011;<\/p>\n<p><sup><strong>Wachowski 1997<\/strong><\/sup><br \/>\nWachowski Krzysztof &#8216;\u015al\u0105sk w dobie przedpiastowskiej&#8217;, Wroc\u0142aw 1997.<\/p>\n","protected":false},"excerpt":{"rendered":"<p>opublikowano: 2026-04-07, ostatnia aktualizacja: 2026-04-08 W niniejszym tek\u015bcie przybli\u017cymy nieco przedmioty przybieraj\u0105ce form\u0119 \u017celaznych ma\u0142ych smuk\u0142ych sztabek, kt\u00f3rych najwi\u0119ksza szeroko\u015b\u0107 przypada w 2\/3 lub 3\/4 ich wysoko\u015bci. Kr\u00f3tszy z ko\u0144c\u00f3w jest okr\u0105g\u0142y w przekroju, natomiast d\u0142u\u017cszy jest prostok\u0105tny. Zabytki pomimo zauwa\u017calnej standaryzacji kszta\u0142tu, r\u00f3\u017cni\u0105 si\u0119 rozmiarami i ci\u0119\u017carem. Przywo\u0142am tu tylko te dane, kt\u00f3re bli\u017cej&#8230;<\/p>\n","protected":false},"author":1,"featured_media":0,"parent":3920,"menu_order":0,"comment_status":"open","ping_status":"closed","template":"","meta":{"footnotes":""},"class_list":["post-949","page","type-page","status-publish","hentry"],"_links":{"self":[{"href":"https:\/\/chruscielowisko.org\/index.php?rest_route=\/wp\/v2\/pages\/949","targetHints":{"allow":["GET"]}}],"collection":[{"href":"https:\/\/chruscielowisko.org\/index.php?rest_route=\/wp\/v2\/pages"}],"about":[{"href":"https:\/\/chruscielowisko.org\/index.php?rest_route=\/wp\/v2\/types\/page"}],"author":[{"embeddable":true,"href":"https:\/\/chruscielowisko.org\/index.php?rest_route=\/wp\/v2\/users\/1"}],"replies":[{"embeddable":true,"href":"https:\/\/chruscielowisko.org\/index.php?rest_route=%2Fwp%2Fv2%2Fcomments&post=949"}],"version-history":[{"count":44,"href":"https:\/\/chruscielowisko.org\/index.php?rest_route=\/wp\/v2\/pages\/949\/revisions"}],"predecessor-version":[{"id":5174,"href":"https:\/\/chruscielowisko.org\/index.php?rest_route=\/wp\/v2\/pages\/949\/revisions\/5174"}],"up":[{"embeddable":true,"href":"https:\/\/chruscielowisko.org\/index.php?rest_route=\/wp\/v2\/pages\/3920"}],"wp:attachment":[{"href":"https:\/\/chruscielowisko.org\/index.php?rest_route=%2Fwp%2Fv2%2Fmedia&parent=949"}],"curies":[{"name":"wp","href":"https:\/\/api.w.org\/{rel}","templated":true}]}}