{"id":91,"date":"2011-03-02T07:27:41","date_gmt":"2011-03-02T08:27:41","guid":{"rendered":"http:\/\/chruscielowisko.dzwiek.org\/?page_id=91"},"modified":"2026-04-01T17:59:27","modified_gmt":"2026-04-01T15:59:27","slug":"rekonstrukcje","status":"publish","type":"page","link":"https:\/\/chruscielowisko.org\/?page_id=91","title":{"rendered":"str\u00f3j i bi\u017cuteria"},"content":{"rendered":"<p>W dziale tym znajdziej zabytki zwi\u0105zane z ubiorem i bi\u017cuteri\u0105 Dziadoszan.<\/p>\n<ul>\n<li><a href=\"https:\/\/chruscielowisko.org\/?page_id=40\">hetki ko\u015bciane<\/a><\/li>\n<li><a href=\"https:\/\/chruscielowisko.org\/?page_id=721\">paciorki szklane z Chobieni<\/a><\/li>\n<li><a href=\"https:\/\/chruscielowisko.org\/?page_id=682\">paciorki szklane z Gostynia<\/a><\/li>\n<li><a href=\"https:\/\/chruscielowisko.org\/?page_id=3224\">paciorki szklane z Obiszowa<\/a><\/li>\n<li><a href=\"https:\/\/chruscielowisko.org\/?page_id=779\">paciorki szklane z Grod\u017aca Ma\u0142ego<\/a><\/li>\n<li><a href=\"https:\/\/chruscielowisko.org\/?page_id=453\">podwi\u0105zki z przewleczk\u0105 z Obiszowa<\/a><\/li>\n<li><a href=\"https:\/\/chruscielowisko.org\/?page_id=4686\">szpila S-kszta\u0142tna z \u017bukowic<\/a><\/li>\n<\/ul>\n","protected":false},"excerpt":{"rendered":"<p>W dziale tym znajdziej zabytki zwi\u0105zane z ubiorem i bi\u017cuteri\u0105 Dziadoszan. hetki ko\u015bciane paciorki szklane z Chobieni paciorki szklane z Gostynia paciorki szklane z Obiszowa paciorki szklane z Grod\u017aca Ma\u0142ego podwi\u0105zki z przewleczk\u0105 z Obiszowa szpila S-kszta\u0142tna z \u017bukowic<\/p>\n","protected":false},"author":1,"featured_media":0,"parent":1601,"menu_order":0,"comment_status":"open","ping_status":"closed","template":"","meta":{"footnotes":""},"class_list":["post-91","page","type-page","status-publish","hentry"],"_links":{"self":[{"href":"https:\/\/chruscielowisko.org\/index.php?rest_route=\/wp\/v2\/pages\/91","targetHints":{"allow":["GET"]}}],"collection":[{"href":"https:\/\/chruscielowisko.org\/index.php?rest_route=\/wp\/v2\/pages"}],"about":[{"href":"https:\/\/chruscielowisko.org\/index.php?rest_route=\/wp\/v2\/types\/page"}],"author":[{"embeddable":true,"href":"https:\/\/chruscielowisko.org\/index.php?rest_route=\/wp\/v2\/users\/1"}],"replies":[{"embeddable":true,"href":"https:\/\/chruscielowisko.org\/index.php?rest_route=%2Fwp%2Fv2%2Fcomments&post=91"}],"version-history":[{"count":22,"href":"https:\/\/chruscielowisko.org\/index.php?rest_route=\/wp\/v2\/pages\/91\/revisions"}],"predecessor-version":[{"id":5090,"href":"https:\/\/chruscielowisko.org\/index.php?rest_route=\/wp\/v2\/pages\/91\/revisions\/5090"}],"up":[{"embeddable":true,"href":"https:\/\/chruscielowisko.org\/index.php?rest_route=\/wp\/v2\/pages\/1601"}],"wp:attachment":[{"href":"https:\/\/chruscielowisko.org\/index.php?rest_route=%2Fwp%2Fv2%2Fmedia&parent=91"}],"curies":[{"name":"wp","href":"https:\/\/api.w.org\/{rel}","templated":true}]}}