{"id":779,"date":"2016-10-16T19:11:21","date_gmt":"2016-10-16T20:11:21","guid":{"rendered":"http:\/\/chruscielowisko.dzwiek.org\/?page_id=779"},"modified":"2025-12-15T14:39:58","modified_gmt":"2025-12-15T12:39:58","slug":"paciorki-szklane-z-grodzca-malego-2","status":"publish","type":"page","link":"https:\/\/chruscielowisko.org\/?page_id=779","title":{"rendered":"paciorki szklane z Grod\u017aca Ma\u0142ego"},"content":{"rendered":"<p><small><small><i>opublikowano:<\/i> 2016-10-16<i>, ostatnia aktualizacja:<\/i> 2018-01-27<\/small><\/small><\/p>\n<p><strong>Opis zabytk\u00f3w<\/strong><sup>1<\/sup><\/p>\n<p>Paciorki szklane oraz bursztynowe towarzyszy\u0142y poch\u00f3wkom szkieletowym odkrytym w 1938 roku zlokalizowanym\u00a0tu\u017c pod wa\u0142em zalewowym Odry. Nie wiadomo czy prezentowane na wystawie sta\u0142ej Muzeum Archeologicznego we Wroc\u0142awiu paciorki szklane pochodz\u0105 z jednego grobu.<\/p>\n<ul>\n<li>z nieprze\u017aroczystego czarniawego szk\u0142a o kszta\u0142cie cylindrycznym, zdobiony dookolnie bia\u0142ymi liniami zygzakowatymi, d\u0142ug. 1,3 cm, \u015bredn. 0,7 cm;<\/li>\n<li>z prze\u017aroczystego czarniawego szk\u0142a o kszta\u0142cie beczu\u0142kowatym, zdobione dookolnie bia\u0142ymi nieregularnymi liniami: wys. 0,7 i 0,85 cm, \u015bredn. 0,7 i 0,9 cm;<\/li>\n<li>z nieprze\u017aroczystego czarniawego szk\u0142a o kszta\u0142cie kulistym, sp\u0142aszczonym, zdobiony dookolnie nieregularnymi bia\u0142ymi liniami, wys. 0,7 cm, \u015bredn. 0,9 cm;<\/li>\n<li>z nieprze\u017aroczystego seledynowego szk\u0142a o kszta\u0142cie beczu\u0142kowatym, zdobiony spiraln\u0105 bia\u0142\u0105 lini\u0105, wys. 0,85 cm, \u015bredn. 0,7 cm;<\/li>\n<li>z prze\u017aroczystego zielonego szk\u0142a o kszta\u0142cie dwusto\u017ckowym, wys. 0,9 cm, \u015bredn. 0,7 cm<\/li>\n<li>bursztynowe, kuliste, sp\u0142aszczone, wys. 0,6 0,6 0,8 cm, \u015bredn. 0,9 0,8 1 cm<\/li>\n<\/ul>\n<p><span style=\"text-decoration: underline;\">Rekonstrukcja<\/span><\/p>\n<p>Rekonstrukcj\u0119 paciork\u00f3w powierzy\u0142em jak zwykle Mateuszowi z <a href=\"https:\/\/www.facebook.com\/biographyofthings\">Biography of Things<\/a>. Prezentowane poni\u017cej okazy to dopiero pierwsze pr\u00f3bki rekonstrukcji. Z niecierpliwo\u015bci\u0105 czekam na wi\u0119cej.<\/p>\n<p>[2018-01-27] Zdj\u0119cia zosta\u0142y wzbogacone o wersj\u0119 uzupe\u0142nion\u0105 paciorkami z bursztynu, kt\u00f3rych rekonstrukcji dokona\u0142 Roman Rywalski z <a href=\"http:\/\/www.rivalamber.pl\">Rival Amber<\/a>. Dla cel\u00f3w por\u00f3wnawczych zdj\u0119ciom rekonstrukcji towarzysz\u0105 zdj\u0119cia orygina\u0142\u00f3w, kt\u00f3re mo\u017cna podziwia\u0107 na wroc\u0142awskiej wystawie sta\u0142ej \u201c\u015al\u0105sk \u015bredniowieczny\u201d w Muzeum Archeologiczne MMW.<\/p>\n<p><strong>Zdj\u0119cia i rysunk<\/strong><strong>i<\/strong><\/p>\n<div id='gallery-1' class='gallery galleryid-779 gallery-columns-2 gallery-size-thumbnail'><figure class='gallery-item'>\n\t\t\t<div class='gallery-icon landscape'>\n\t\t\t\t<a href='https:\/\/chruscielowisko.org\/wp-content\/uploads\/2016\/10\/paciorki_szklane_00_grodziec_ma\u0142y.jpg'><img loading=\"lazy\" decoding=\"async\" width=\"150\" height=\"150\" src=\"https:\/\/chruscielowisko.org\/wp-content\/uploads\/2016\/10\/paciorki_szklane_00_grodziec_ma\u0142y-150x150.jpg\" class=\"attachment-thumbnail size-thumbnail\" alt=\"\" aria-describedby=\"gallery-1-788\" \/><\/a>\n\t\t\t<\/div>\n\t\t\t\t<figcaption class='wp-caption-text gallery-caption' id='gallery-1-788'>\n\t\t\t\tpaciorki w Muzeum Archeologicznym we Wroc\u0142awiu oraz rekonstrukcja BiographyOfThings\n\t\t\t\t<\/figcaption><\/figure><figure class='gallery-item'>\n\t\t\t<div class='gallery-icon landscape'>\n\t\t\t\t<a href='https:\/\/chruscielowisko.org\/wp-content\/uploads\/2023\/12\/20231201_222712-scaled.jpg'><img loading=\"lazy\" decoding=\"async\" width=\"150\" height=\"150\" src=\"https:\/\/chruscielowisko.org\/wp-content\/uploads\/2023\/12\/20231201_222712-150x150.jpg\" class=\"attachment-thumbnail size-thumbnail\" alt=\"\" aria-describedby=\"gallery-1-1753\" \/><\/a>\n\t\t\t<\/div>\n\t\t\t\t<figcaption class='wp-caption-text gallery-caption' id='gallery-1-1753'>\n\t\t\t\tpaciorki w Muzeum Archeologicznym we Wroc\u0142awiu oraz rekonstrukcja: BiographyOfThings (szk\u0142o) oraz Rival Amber (bursztyn)\n\t\t\t\t<\/figcaption><\/figure>\n\t\t<\/div>\n\n<hr \/>\n<p><small><strong>Przypisy:<\/strong><\/small><\/p>\n<p><small><sup>1<\/sup> Wachowski 1975, s. 86.<\/small><\/p>\n","protected":false},"excerpt":{"rendered":"<p>opublikowano: 2016-10-16, ostatnia aktualizacja: 2018-01-27 Opis zabytk\u00f3w1 Paciorki szklane oraz bursztynowe towarzyszy\u0142y poch\u00f3wkom szkieletowym odkrytym w 1938 roku zlokalizowanym\u00a0tu\u017c pod wa\u0142em zalewowym Odry. Nie wiadomo czy prezentowane na wystawie sta\u0142ej Muzeum Archeologicznego we Wroc\u0142awiu paciorki szklane pochodz\u0105 z jednego grobu. z nieprze\u017aroczystego czarniawego szk\u0142a o kszta\u0142cie cylindrycznym, zdobiony dookolnie bia\u0142ymi liniami zygzakowatymi, d\u0142ug. 1,3 cm,&#8230;<\/p>\n","protected":false},"author":1,"featured_media":0,"parent":91,"menu_order":0,"comment_status":"open","ping_status":"closed","template":"","meta":{"footnotes":""},"class_list":["post-779","page","type-page","status-publish","hentry"],"_links":{"self":[{"href":"https:\/\/chruscielowisko.org\/index.php?rest_route=\/wp\/v2\/pages\/779","targetHints":{"allow":["GET"]}}],"collection":[{"href":"https:\/\/chruscielowisko.org\/index.php?rest_route=\/wp\/v2\/pages"}],"about":[{"href":"https:\/\/chruscielowisko.org\/index.php?rest_route=\/wp\/v2\/types\/page"}],"author":[{"embeddable":true,"href":"https:\/\/chruscielowisko.org\/index.php?rest_route=\/wp\/v2\/users\/1"}],"replies":[{"embeddable":true,"href":"https:\/\/chruscielowisko.org\/index.php?rest_route=%2Fwp%2Fv2%2Fcomments&post=779"}],"version-history":[{"count":18,"href":"https:\/\/chruscielowisko.org\/index.php?rest_route=\/wp\/v2\/pages\/779\/revisions"}],"predecessor-version":[{"id":3205,"href":"https:\/\/chruscielowisko.org\/index.php?rest_route=\/wp\/v2\/pages\/779\/revisions\/3205"}],"up":[{"embeddable":true,"href":"https:\/\/chruscielowisko.org\/index.php?rest_route=\/wp\/v2\/pages\/91"}],"wp:attachment":[{"href":"https:\/\/chruscielowisko.org\/index.php?rest_route=%2Fwp%2Fv2%2Fmedia&parent=779"}],"curies":[{"name":"wp","href":"https:\/\/api.w.org\/{rel}","templated":true}]}}