{"id":721,"date":"2016-09-30T18:57:16","date_gmt":"2016-09-30T19:57:16","guid":{"rendered":"http:\/\/chruscielowisko.dzwiek.org\/?page_id=721"},"modified":"2025-12-15T14:39:58","modified_gmt":"2025-12-15T12:39:58","slug":"paciorki-szklane-z-chobieni","status":"publish","type":"page","link":"https:\/\/chruscielowisko.org\/?page_id=721","title":{"rendered":"paciorki szklane z Chobieni"},"content":{"rendered":"<p><small><small><i>opublikowano:<\/i> 2016-09-30<i>, ostatnia aktualizacja:<\/i> 2016-09-30<\/small><\/small><\/p>\n<p><strong>Opis zabytk\u00f3w<\/strong><\/p>\n<p><span style=\"text-decoration: underline;\">Paciorki dwusto\u017ckowe<\/span><sup>1<\/sup><\/p>\n<p>Na terenie grodziska w Chobieni (stan.3) podczas bada\u0144 w 2010 roku odkryto 2 paciorki dwusto\u017ckowe: jeden silnie wyd\u0142u\u017cony zrobiony ze szk\u0142a o niezidentyfikowanym kolorze, drugi przysadzisty o barwie intensywnie zielonej, nieprze\u017aroczystej. Na ko\u0144cach otwor\u00f3w pierwszego z paciork\u00f3w widoczne s\u0105 \u015blady patyny \u015bwiadcz\u0105ce o obecno\u015bci miedzianej rurki wewn\u0105trz.<\/p>\n<p>Wymiary:<br \/>\ndwusto\u017ckowy silnie wyd\u0142u\u017cony:<\/p>\n<ul>\n<li>d\u0142ugo\u015b\u0107: 13 mm<\/li>\n<li>\u015brednica maksymalna: 6 mm<\/li>\n<\/ul>\n<p>dwusto\u017ckowy przysadzisty<\/p>\n<ul>\n<li>d\u0142ugo\u015b\u0107: 8 mm<\/li>\n<li>\u015brednica maksymalna: 7 mm<\/li>\n<\/ul>\n<p><span style=\"text-decoration: underline;\">Rekonstrukcja<\/span><\/p>\n<p>Paciorki metod\u0105 nawijania wykona\u0142 Mateusz z <a href=\"https:\/\/www.facebook.com\/biographyofthings\">Biography of Things<\/a>. Znaj\u0105c tylko jeden z kolor\u00f3w szk\u0142a, z kt\u00f3rych wykonano zabytki, u\u017cyto Verde Mosaico (Mosaic Green) 591023 z palety szkie\u0142 marki <a href=\"http:\/\/www.effetremurano.com\/\">EFFETRE MURANO SRL<\/a> dla obu rekonstruowanych paciork\u00f3w.<\/p>\n<p>Mam nadziej\u0119, \u017ce paciorki wkr\u00f3tce pojawi\u0105 si\u0119 w sta\u0142ej ofercie sklepu <a href=\"https:\/\/biographyofthings.pl\/\">biographyofthings.pl<\/a>, sk\u0105d Dziadoszyce b\u0119d\u0105 mogli czerpa\u0107 podarki dla swoich wybranek.<\/p>\n<p><strong>Analogiczne zabytki<\/strong><\/p>\n<p>Paciorki z osady przygrodowej w Obiszowie (po\u0142. X w.).<sup>1<\/sup><\/p>\n<p><strong>Zdj\u0119cia i rysunk<\/strong><strong>i<\/strong><\/p>\n<div id='gallery-1' class='gallery galleryid-721 gallery-columns-2 gallery-size-thumbnail'><figure class='gallery-item'>\n\t\t\t<div class='gallery-icon landscape'>\n\t\t\t\t<a href='https:\/\/chruscielowisko.org\/wp-content\/uploads\/2016\/09\/paciorki_1_Chobiebia.jpg'><img loading=\"lazy\" decoding=\"async\" width=\"150\" height=\"150\" src=\"https:\/\/chruscielowisko.org\/wp-content\/uploads\/2016\/09\/paciorki_1_Chobiebia-150x150.jpg\" class=\"attachment-thumbnail size-thumbnail\" alt=\"\" aria-describedby=\"gallery-1-723\" \/><\/a>\n\t\t\t<\/div>\n\t\t\t\t<figcaption class='wp-caption-text gallery-caption' id='gallery-1-723'>\n\t\t\t\tpaciorki z Chobieni (Biermann et. al 2014 Ryc. 22)\n\t\t\t\t<\/figcaption><\/figure><figure class='gallery-item'>\n\t\t\t<div class='gallery-icon landscape'>\n\t\t\t\t<a href='https:\/\/chruscielowisko.org\/wp-content\/uploads\/2016\/09\/paciorki_2_Chobiebia.jpg'><img loading=\"lazy\" decoding=\"async\" width=\"150\" height=\"150\" src=\"https:\/\/chruscielowisko.org\/wp-content\/uploads\/2016\/09\/paciorki_2_Chobiebia-150x150.jpg\" class=\"attachment-thumbnail size-thumbnail\" alt=\"\" aria-describedby=\"gallery-1-724\" \/><\/a>\n\t\t\t<\/div>\n\t\t\t\t<figcaption class='wp-caption-text gallery-caption' id='gallery-1-724'>\n\t\t\t\tRekonstrukcja BiographyOfThings\n\t\t\t\t<\/figcaption><\/figure>\n\t\t<\/div>\n\n<hr \/>\n<p><small><strong>Przypisy:<\/strong><\/small><\/p>\n<p><small><sup>1<\/sup> Biermann et al. 2014, s. 315-316.<\/small><br \/>\n<small><sup>2<\/sup> Adamska et al. 2014, s. 74.<\/small><br \/>\n<small><sup>3<\/sup> Biermann et al. 2016, s. 135, 141.<\/small><\/p>\n","protected":false},"excerpt":{"rendered":"<p>opublikowano: 2016-09-30, ostatnia aktualizacja: 2016-09-30 Opis zabytk\u00f3w Paciorki dwusto\u017ckowe1 Na terenie grodziska w Chobieni (stan.3) podczas bada\u0144 w 2010 roku odkryto 2 paciorki dwusto\u017ckowe: jeden silnie wyd\u0142u\u017cony zrobiony ze szk\u0142a o niezidentyfikowanym kolorze, drugi przysadzisty o barwie intensywnie zielonej, nieprze\u017aroczystej. Na ko\u0144cach otwor\u00f3w pierwszego z paciork\u00f3w widoczne s\u0105 \u015blady patyny \u015bwiadcz\u0105ce o obecno\u015bci miedzianej rurki&#8230;<\/p>\n","protected":false},"author":1,"featured_media":0,"parent":91,"menu_order":0,"comment_status":"open","ping_status":"closed","template":"","meta":{"footnotes":""},"class_list":["post-721","page","type-page","status-publish","hentry"],"_links":{"self":[{"href":"https:\/\/chruscielowisko.org\/index.php?rest_route=\/wp\/v2\/pages\/721","targetHints":{"allow":["GET"]}}],"collection":[{"href":"https:\/\/chruscielowisko.org\/index.php?rest_route=\/wp\/v2\/pages"}],"about":[{"href":"https:\/\/chruscielowisko.org\/index.php?rest_route=\/wp\/v2\/types\/page"}],"author":[{"embeddable":true,"href":"https:\/\/chruscielowisko.org\/index.php?rest_route=\/wp\/v2\/users\/1"}],"replies":[{"embeddable":true,"href":"https:\/\/chruscielowisko.org\/index.php?rest_route=%2Fwp%2Fv2%2Fcomments&post=721"}],"version-history":[{"count":14,"href":"https:\/\/chruscielowisko.org\/index.php?rest_route=\/wp\/v2\/pages\/721\/revisions"}],"predecessor-version":[{"id":3202,"href":"https:\/\/chruscielowisko.org\/index.php?rest_route=\/wp\/v2\/pages\/721\/revisions\/3202"}],"up":[{"embeddable":true,"href":"https:\/\/chruscielowisko.org\/index.php?rest_route=\/wp\/v2\/pages\/91"}],"wp:attachment":[{"href":"https:\/\/chruscielowisko.org\/index.php?rest_route=%2Fwp%2Fv2%2Fmedia&parent=721"}],"curies":[{"name":"wp","href":"https:\/\/api.w.org\/{rel}","templated":true}]}}