{"id":682,"date":"2016-09-29T18:00:54","date_gmt":"2016-09-29T19:00:54","guid":{"rendered":"http:\/\/chruscielowisko.dzwiek.org\/?page_id=682"},"modified":"2025-12-15T14:39:58","modified_gmt":"2025-12-15T12:39:58","slug":"paciorki-z-gostynia","status":"publish","type":"page","link":"https:\/\/chruscielowisko.org\/?page_id=682","title":{"rendered":"paciorki szklane z Gostynia"},"content":{"rendered":"<p><small><small><i>opublikowano:<\/i> 2016-09-29<i>, ostatnia aktualizacja:<\/i> 2025-11-25<\/small><\/small><\/p>\n<p><strong>Opis zabytk\u00f3w<\/strong><\/p>\n<p><span style=\"text-decoration: underline;\">Paciorki pod\u0142u\u017cnie \u017cebrowane lub tzw. oliwkowe<\/span><sup>1<\/sup><\/p>\n<p>Paciorki tego typu w liczbie 7 sztuk odkryto w 1996 roku w wykopie VII\/96 stanowiska 2 w Gostyniu.<\/p>\n<p>Szk\u0142o, z kt\u00f3rego wykonano paciorki to prze\u017aroczysta masa o jasnozielonym, jasnoniebieskim lub ciemnozielonym odcieniu, w kt\u00f3rej widoczne by\u0142y zastyg\u0142e p\u0119cherzyki gazowe, a w jednym cienkie \u017cy\u0142ki barwy czerwonej.<\/p>\n<p>Bry\u0142a paciork\u00f3w ozdobiona jest ornamentyk\u0105 plastyczn\u0105 w postaci czterech wzd\u0142u\u017cnych wa\u0142eczk\u00f3w wyra\u017anie wyodr\u0119bnionych g\u0142\u0119bokimi bruzdami wrzynaj\u0105cymi si\u0119 w korpus.<\/p>\n<p>Wymiary:<\/p>\n<ul>\n<li>d\u0142ugo\u015b\u0107: 20,5 &#8211; 25,5 mm<\/li>\n<li>\u015brednica maksymalna: 10,5 &#8211; 13,5 mm<\/li>\n<\/ul>\n<div id='gallery-1' class='gallery galleryid-682 gallery-columns-1 gallery-size-thumbnail'><figure class='gallery-item'>\n\t\t\t<div class='gallery-icon portrait'>\n\t\t\t\t<a href='https:\/\/chruscielowisko.org\/wp-content\/uploads\/2025\/11\/585826592_1448177937310328_2351593660024154108_n.jpg'><img loading=\"lazy\" decoding=\"async\" width=\"150\" height=\"150\" src=\"https:\/\/chruscielowisko.org\/wp-content\/uploads\/2025\/11\/585826592_1448177937310328_2351593660024154108_n-150x150.jpg\" class=\"attachment-thumbnail size-thumbnail\" alt=\"\" aria-describedby=\"gallery-1-4170\" \/><\/a>\n\t\t\t<\/div>\n\t\t\t\t<figcaption class='wp-caption-text gallery-caption' id='gallery-1-4170'>\n\t\t\t\tpaciorek z Gostynia (fot. Pawe\u0142 Rze\u017anik, zdj\u0119cie archiwalne)<sup>2<\/sup>\n\t\t\t\t<\/figcaption><\/figure>\n\t\t<\/div>\n\n<p>Zdj\u0119cie paciorka zosta\u0142o wykorzystane na plakacie CKiS w Gr\u0119bocicach informuj\u0105cym o wyk\u0142adzie Sylwii Siemianowskiej <em>Ceramika i szk\u0142o w Kraju Dziadoszan<\/em> organizowanym w dniu 27.11.2025.<\/p>\n<p><span style=\"text-decoration: underline;\">Paciorek beczu\u0142kowaty dmuchany<\/span><sup>1<\/sup><\/p>\n<p>Pojedynczy paciorek tego typu odkryto w 1996 roku w wykopie VII\/96 stanowiska 2 w Gostyniu.<\/p>\n<p>Masa szklana u\u017cyta do wyrobu paciorka jest intensywnie niebieska z cienkimi pod\u0142u\u017cnymi \u017cy\u0142kami barwy mlecznobia\u0142ej.<\/p>\n<p>\u015awiat\u0142o otworu kanalika na jego ko\u0144cach jest mniejsze ni\u017c w \u015brodku, co sprawia wra\u017cenie pustego w \u015brodku i sugeruje technik\u0119 wykonania poprzez wydmuchiwanie.<\/p>\n<p>Wymiary:<\/p>\n<ul>\n<li>d\u0142ugo\u015b\u0107: 12,5 mm<\/li>\n<li>\u015brednica: 10,5 mm<\/li>\n<\/ul>\n<p><span style=\"text-decoration: underline;\">Rekonstrukcja<\/span><\/p>\n<p>Niestety z artyku\u0142u<sup>1<\/sup> nie dowiemy si\u0119 ile dok\u0142adnie paciork\u00f3w tzw. oliwkowych jest kt\u00f3rego z wymienionych kolor\u00f3w, dlatego pokusi\u0142em si\u0119 jedynie o rekonstrukcj\u0119 pojedynczych paciork\u00f3w zamiast kompletu jako kolii.<\/p>\n<p>Jako, \u017ce o mas\u0119 szklan\u0105 przypominaj\u0105c\u0105 \u00f3wcze\u015bnie u\u017cywan\u0105 jest dzi\u015b bardzo trudno, zatem doboru kolorystyki wsp\u00f3\u0142czesnego szk\u0142a dokona\u0142em subiektywnie. Do dyspozycji mia\u0142em opis s\u0142owny oraz kolorowe fotografie trzech z paciork\u00f3w, kt\u00f3rych pr\u00f3\u017cno szuka\u0107 w drukowanym artykule<sup>1<\/sup>, a na kt\u00f3re natrafi\u0142em jedynie dzi\u0119ki uprzejmo\u015bci autora, kt\u00f3ry by\u0142 \u0142askaw za\u0142\u0105czy\u0107 je do swojego artyku\u0142y na <a href=\"https:\/\/www.academia.edu\/5789422\/Paciorki_szklane_z_wczesno%C5%9Bredniowiecznego_grodziska_w_Gostyniu_na_Dolnym_%C5%9Al%C4%85sku\">academia.edu<\/a>.<\/p>\n<p>Bezpo\u015bredni\u0105 produkcj\u0119 paciork\u00f3w powierzy\u0142em Mateuszowi z <a href=\"https:\/\/www.facebook.com\/biographyofthings\">Biography of Things<\/a>, kt\u00f3ry znosi\u0142 cierpliwie moje rozterki powodowane dost\u0119pno\u015bci\u0105 zbyt szerokiej palety kolor\u00f3w szk\u0142a marki <a href=\"http:\/\/www.effetremurano.com\/\">EFFETRE MURANO SRL<\/a>. Wyb\u00f3r pad\u0142 na kolory: Acquamarina Scura (Dark Aqua) 591036, Pale Blue 591050, Verde Salvia (Green Sage Mach) 591019M, Verde Smeraldo Chiaro (Light Esmerald Green) 591028, Verde Erba Chiaro (Light Grass Green) 591020 oraz Bleu Cobalto (Cobalt) 591060.<\/p>\n<p>Niestety pracownia nie dysponuje mo\u017cliwo\u015bciami wydmuchiwania paciork\u00f3w, dlatego beczu\u0142kowaty jest wykonany t\u0105 sam\u0105 technik\u0105 co pozosta\u0142e, czyli nawijaniem.<\/p>\n<p>Mam nadziej\u0119, \u017ce paciorki wkr\u00f3tce pojawi\u0105 si\u0119 w sta\u0142ej ofercie sklepu <a href=\"https:\/\/biographyofthings.pl\/\">biographyofthings.pl<\/a>, sk\u0105d Dziadoszyce b\u0119d\u0105 mogli czerpa\u0107 podarki dla swoich wybranek.<\/p>\n<p><strong>Analogiczne zabytki<\/strong><\/p>\n<p>Liczne w po\u0142udniowej strefie S\u0142owia\u0144szczyzny Zachodniej.<sup>1<\/sup><\/p>\n<p><strong>Zdj\u0119cia i rysunk<\/strong><strong>i<\/strong><\/p>\n<div id='gallery-2' class='gallery galleryid-682 gallery-columns-3 gallery-size-thumbnail'><figure class='gallery-item'>\n\t\t\t<div class='gallery-icon portrait'>\n\t\t\t\t<a href='https:\/\/chruscielowisko.org\/wp-content\/uploads\/2016\/09\/paciorek_01_1_Gostyn.jpg'><img loading=\"lazy\" decoding=\"async\" width=\"150\" height=\"150\" src=\"https:\/\/chruscielowisko.org\/wp-content\/uploads\/2016\/09\/paciorek_01_1_Gostyn-150x150.jpg\" class=\"attachment-thumbnail size-thumbnail\" alt=\"\" aria-describedby=\"gallery-2-703\" \/><\/a>\n\t\t\t<\/div>\n\t\t\t\t<figcaption class='wp-caption-text gallery-caption' id='gallery-2-703'>\n\t\t\t\tPaciorek z jasnoniebieskiego szk\u0142a\n\t\t\t\t<\/figcaption><\/figure><figure class='gallery-item'>\n\t\t\t<div class='gallery-icon portrait'>\n\t\t\t\t<a href='https:\/\/chruscielowisko.org\/wp-content\/uploads\/2016\/09\/paciorek_01_2_Gostyn.jpg'><img loading=\"lazy\" decoding=\"async\" width=\"150\" height=\"150\" src=\"https:\/\/chruscielowisko.org\/wp-content\/uploads\/2016\/09\/paciorek_01_2_Gostyn-150x150.jpg\" class=\"attachment-thumbnail size-thumbnail\" alt=\"\" aria-describedby=\"gallery-2-696\" \/><\/a>\n\t\t\t<\/div>\n\t\t\t\t<figcaption class='wp-caption-text gallery-caption' id='gallery-2-696'>\n\t\t\t\tPaciorek pod\u0142u\u017cnie \u017cebrowany z jasnoniebieskiego szk\u0142a\n\t\t\t\t<\/figcaption><\/figure><figure class='gallery-item'>\n\t\t\t<div class='gallery-icon landscape'>\n\t\t\t\t<a href='https:\/\/chruscielowisko.org\/wp-content\/uploads\/2016\/09\/paciorek_01_3_Gostyn.jpg'><img loading=\"lazy\" decoding=\"async\" width=\"150\" height=\"150\" src=\"https:\/\/chruscielowisko.org\/wp-content\/uploads\/2016\/09\/paciorek_01_3_Gostyn-150x150.jpg\" class=\"attachment-thumbnail size-thumbnail\" alt=\"\" aria-describedby=\"gallery-2-714\" \/><\/a>\n\t\t\t<\/div>\n\t\t\t\t<figcaption class='wp-caption-text gallery-caption' id='gallery-2-714'>\n\t\t\t\tRekonstrukcja wykonana przez BiographyOfThings\n\t\t\t\t<\/figcaption><\/figure><figure class='gallery-item'>\n\t\t\t<div class='gallery-icon portrait'>\n\t\t\t\t<a href='https:\/\/chruscielowisko.org\/wp-content\/uploads\/2016\/09\/paciorek_02_1_Gostyn.jpg'><img loading=\"lazy\" decoding=\"async\" width=\"150\" height=\"150\" src=\"https:\/\/chruscielowisko.org\/wp-content\/uploads\/2016\/09\/paciorek_02_1_Gostyn-150x150.jpg\" class=\"attachment-thumbnail size-thumbnail\" alt=\"\" aria-describedby=\"gallery-2-697\" srcset=\"https:\/\/chruscielowisko.org\/wp-content\/uploads\/2016\/09\/paciorek_02_1_Gostyn-150x150.jpg 150w, https:\/\/chruscielowisko.org\/wp-content\/uploads\/2016\/09\/paciorek_02_1_Gostyn-298x300.jpg 298w, https:\/\/chruscielowisko.org\/wp-content\/uploads\/2016\/09\/paciorek_02_1_Gostyn.jpg 564w\" sizes=\"auto, (max-width: 150px) 100vw, 150px\" \/><\/a>\n\t\t\t<\/div>\n\t\t\t\t<figcaption class='wp-caption-text gallery-caption' id='gallery-2-697'>\n\t\t\t\tPaciorek pod\u0142u\u017cnie \u017cebrowany z ciemnozielonego(?) szk\u0142a\n\t\t\t\t<\/figcaption><\/figure><figure class='gallery-item'>\n\t\t\t<div class='gallery-icon portrait'>\n\t\t\t\t<a href='https:\/\/chruscielowisko.org\/wp-content\/uploads\/2016\/09\/paciorek_02_2_Gostyn.jpg'><img loading=\"lazy\" decoding=\"async\" width=\"150\" height=\"150\" src=\"https:\/\/chruscielowisko.org\/wp-content\/uploads\/2016\/09\/paciorek_02_2_Gostyn-150x150.jpg\" class=\"attachment-thumbnail size-thumbnail\" alt=\"\" aria-describedby=\"gallery-2-698\" \/><\/a>\n\t\t\t<\/div>\n\t\t\t\t<figcaption class='wp-caption-text gallery-caption' id='gallery-2-698'>\n\t\t\t\tPaciorek pod\u0142u\u017cnie \u017cebrowany z ciemnozielonego(?) szk\u0142a\n\t\t\t\t<\/figcaption><\/figure><figure class='gallery-item'>\n\t\t\t<div class='gallery-icon landscape'>\n\t\t\t\t<a href='https:\/\/chruscielowisko.org\/wp-content\/uploads\/2016\/09\/paciorek_02_3_Gostyn.jpg'><img loading=\"lazy\" decoding=\"async\" width=\"150\" height=\"150\" src=\"https:\/\/chruscielowisko.org\/wp-content\/uploads\/2016\/09\/paciorek_02_3_Gostyn-150x150.jpg\" class=\"attachment-thumbnail size-thumbnail\" alt=\"\" aria-describedby=\"gallery-2-715\" \/><\/a>\n\t\t\t<\/div>\n\t\t\t\t<figcaption class='wp-caption-text gallery-caption' id='gallery-2-715'>\n\t\t\t\tRekonstrukcja wykonana przez BiographyOfThings\n\t\t\t\t<\/figcaption><\/figure><figure class='gallery-item'>\n\t\t\t<div class='gallery-icon landscape'>\n\t\t\t\t<a href='https:\/\/chruscielowisko.org\/wp-content\/uploads\/2016\/09\/paciorek_03_1_Gostyn.jpg'><img loading=\"lazy\" decoding=\"async\" width=\"150\" height=\"150\" src=\"https:\/\/chruscielowisko.org\/wp-content\/uploads\/2016\/09\/paciorek_03_1_Gostyn-150x150.jpg\" class=\"attachment-thumbnail size-thumbnail\" alt=\"\" aria-describedby=\"gallery-2-699\" \/><\/a>\n\t\t\t<\/div>\n\t\t\t\t<figcaption class='wp-caption-text gallery-caption' id='gallery-2-699'>\n\t\t\t\tPaciorek beczu\u0142kowaty dmuchany\n\t\t\t\t<\/figcaption><\/figure><figure class='gallery-item'>\n\t\t\t<div class='gallery-icon portrait'>\n\t\t\t\t<a href='https:\/\/chruscielowisko.org\/wp-content\/uploads\/2016\/09\/paciorek_03_2_Gostyn.jpg'><img loading=\"lazy\" decoding=\"async\" width=\"150\" height=\"150\" src=\"https:\/\/chruscielowisko.org\/wp-content\/uploads\/2016\/09\/paciorek_03_2_Gostyn-150x150.jpg\" class=\"attachment-thumbnail size-thumbnail\" alt=\"\" aria-describedby=\"gallery-2-700\" \/><\/a>\n\t\t\t<\/div>\n\t\t\t\t<figcaption class='wp-caption-text gallery-caption' id='gallery-2-700'>\n\t\t\t\tPaciorek beczu\u0142kowaty dmuchany\n\t\t\t\t<\/figcaption><\/figure><figure class='gallery-item'>\n\t\t\t<div class='gallery-icon landscape'>\n\t\t\t\t<a href='https:\/\/chruscielowisko.org\/wp-content\/uploads\/2016\/09\/paciorek_03_3_Gostyn.jpg'><img loading=\"lazy\" decoding=\"async\" width=\"150\" height=\"150\" src=\"https:\/\/chruscielowisko.org\/wp-content\/uploads\/2016\/09\/paciorek_03_3_Gostyn-150x150.jpg\" class=\"attachment-thumbnail size-thumbnail\" alt=\"\" aria-describedby=\"gallery-2-712\" \/><\/a>\n\t\t\t<\/div>\n\t\t\t\t<figcaption class='wp-caption-text gallery-caption' id='gallery-2-712'>\n\t\t\t\tRekonstrukcja wykonana przez BiographyOfThings\n\t\t\t\t<\/figcaption><\/figure><figure class='gallery-item'>\n\t\t\t<div class='gallery-icon landscape'>\n\t\t\t\t<a href='https:\/\/chruscielowisko.org\/wp-content\/uploads\/2016\/09\/paciorki_1_Gostyn.jpg'><img loading=\"lazy\" decoding=\"async\" width=\"150\" height=\"150\" src=\"https:\/\/chruscielowisko.org\/wp-content\/uploads\/2016\/09\/paciorki_1_Gostyn-150x150.jpg\" class=\"attachment-thumbnail size-thumbnail\" alt=\"\" aria-describedby=\"gallery-2-701\" srcset=\"https:\/\/chruscielowisko.org\/wp-content\/uploads\/2016\/09\/paciorki_1_Gostyn-150x150.jpg 150w, https:\/\/chruscielowisko.org\/wp-content\/uploads\/2016\/09\/paciorki_1_Gostyn-300x300.jpg 300w, https:\/\/chruscielowisko.org\/wp-content\/uploads\/2016\/09\/paciorki_1_Gostyn.jpg 768w\" sizes=\"auto, (max-width: 150px) 100vw, 150px\" \/><\/a>\n\t\t\t<\/div>\n\t\t\t\t<figcaption class='wp-caption-text gallery-caption' id='gallery-2-701'>\n\t\t\t\tPe\u0142na kolekcja paciork\u00f3w z Gostynia<sup>1<\/sup>\n\t\t\t\t<\/figcaption><\/figure><figure class='gallery-item'>\n\t\t\t<div class='gallery-icon landscape'>\n\t\t\t\t<a href='https:\/\/chruscielowisko.org\/wp-content\/uploads\/2016\/09\/paciorki_2_Gostyn.jpg'><img loading=\"lazy\" decoding=\"async\" width=\"150\" height=\"150\" src=\"https:\/\/chruscielowisko.org\/wp-content\/uploads\/2016\/09\/paciorki_2_Gostyn-150x150.jpg\" class=\"attachment-thumbnail size-thumbnail\" alt=\"\" aria-describedby=\"gallery-2-702\" \/><\/a>\n\t\t\t<\/div>\n\t\t\t\t<figcaption class='wp-caption-text gallery-caption' id='gallery-2-702'>\n\t\t\t\tJedna z mo\u017cliwo\u015bci u\u0142o\u017cenia paciork\u00f3w je\u017celi nale\u017ca\u0142yby do jednej kolii<sup>1<\/sup>\n\t\t\t\t<\/figcaption><\/figure><figure class='gallery-item'>\n\t\t\t<div class='gallery-icon landscape'>\n\t\t\t\t<a href='https:\/\/chruscielowisko.org\/wp-content\/uploads\/2016\/09\/paciorki_3_Gostyn.jpg'><img loading=\"lazy\" decoding=\"async\" width=\"150\" height=\"150\" src=\"https:\/\/chruscielowisko.org\/wp-content\/uploads\/2016\/09\/paciorki_3_Gostyn-150x150.jpg\" class=\"attachment-thumbnail size-thumbnail\" alt=\"\" aria-describedby=\"gallery-2-713\" \/><\/a>\n\t\t\t<\/div>\n\t\t\t\t<figcaption class='wp-caption-text gallery-caption' id='gallery-2-713'>\n\t\t\t\tod lewej kolory: 591019M, 591024, 591028, 591020, 591060, 591036, 591050, 591036\n\t\t\t\t<\/figcaption><\/figure>\n\t\t<\/div>\n\n<hr \/>\n<p><small><strong>Przypisy:<\/strong><\/small><\/p>\n<p><small><sup>1<\/sup> Rze\u017anik 1998, s. 380-391;<\/small><br \/>\n<small><sup>1<\/sup> informacja o autorze fotografii dzi\u0119ki uprzejmo\u015bci Sylwii Siemianowskiej.<\/small><\/p>\n","protected":false},"excerpt":{"rendered":"<p>opublikowano: 2016-09-29, ostatnia aktualizacja: 2025-11-25 Opis zabytk\u00f3w Paciorki pod\u0142u\u017cnie \u017cebrowane lub tzw. oliwkowe1 Paciorki tego typu w liczbie 7 sztuk odkryto w 1996 roku w wykopie VII\/96 stanowiska 2 w Gostyniu. Szk\u0142o, z kt\u00f3rego wykonano paciorki to prze\u017aroczysta masa o jasnozielonym, jasnoniebieskim lub ciemnozielonym odcieniu, w kt\u00f3rej widoczne by\u0142y zastyg\u0142e p\u0119cherzyki gazowe, a w jednym&#8230;<\/p>\n","protected":false},"author":1,"featured_media":0,"parent":91,"menu_order":0,"comment_status":"open","ping_status":"closed","template":"","meta":{"footnotes":""},"class_list":["post-682","page","type-page","status-publish","hentry"],"_links":{"self":[{"href":"https:\/\/chruscielowisko.org\/index.php?rest_route=\/wp\/v2\/pages\/682","targetHints":{"allow":["GET"]}}],"collection":[{"href":"https:\/\/chruscielowisko.org\/index.php?rest_route=\/wp\/v2\/pages"}],"about":[{"href":"https:\/\/chruscielowisko.org\/index.php?rest_route=\/wp\/v2\/types\/page"}],"author":[{"embeddable":true,"href":"https:\/\/chruscielowisko.org\/index.php?rest_route=\/wp\/v2\/users\/1"}],"replies":[{"embeddable":true,"href":"https:\/\/chruscielowisko.org\/index.php?rest_route=%2Fwp%2Fv2%2Fcomments&post=682"}],"version-history":[{"count":24,"href":"https:\/\/chruscielowisko.org\/index.php?rest_route=\/wp\/v2\/pages\/682\/revisions"}],"predecessor-version":[{"id":4172,"href":"https:\/\/chruscielowisko.org\/index.php?rest_route=\/wp\/v2\/pages\/682\/revisions\/4172"}],"up":[{"embeddable":true,"href":"https:\/\/chruscielowisko.org\/index.php?rest_route=\/wp\/v2\/pages\/91"}],"wp:attachment":[{"href":"https:\/\/chruscielowisko.org\/index.php?rest_route=%2Fwp%2Fv2%2Fmedia&parent=682"}],"curies":[{"name":"wp","href":"https:\/\/api.w.org\/{rel}","templated":true}]}}