{"id":59,"date":"2011-03-01T11:22:47","date_gmt":"2011-03-01T12:22:47","guid":{"rendered":"http:\/\/chruscielowisko.dzwiek.org\/?page_id=59"},"modified":"2026-04-01T17:07:44","modified_gmt":"2026-04-01T15:07:44","slug":"bardzo-male-i-miniaturowe-naczynia-z-zukowic-kolo-glogowa","status":"publish","type":"page","link":"https:\/\/chruscielowisko.org\/?page_id=59","title":{"rendered":"bardzo ma\u0142e i miniaturowe naczynia z \u017bukowic"},"content":{"rendered":"<p><small><small><i>opublikowano:<\/i> 2011-03-01<i>, ostatnia aktualizacja:<\/i> 2026-02-20<\/small><\/small><\/p>\n<p>Tyle o tytu\u0142owych naczyniach mo\u017cemy wyczyta\u0107 w \u017cukowickiej monografii (Parczewski 1989 s. 32):<\/p>\n<blockquote><p>Naczynia misowate stanowi\u0105 niezmiernie charakterystyczny sk\u0142adnik zestawu form ceramicznych z \u017bukowic. Ich obecno\u015b\u0107 uda\u0142o si\u0119 stwierdzi\u0107 w 73 jamach, z czego 33 reprezentuj\u0105 zespo\u0142y wiarygodne; ponad po\u0142owa wi\u0119kszych zespo\u0142\u00f3w wiarygodnych zawiera pozosta\u0142o\u015bci mis (tabela 8).<\/p>\n<p>Wyr\u00f3\u017cniono misy o brzegach niewyodr\u0119bnionych, dziel\u0105ce si\u0119 na odmian\u0119 o brzegach sto\u017ckowato rozchylonych (tabl. I: 14, XXXVI: 1, XLVI: 8, XLIX: 7, 9, LV: 13, LVI: 10, 17, 19, CVII: 7, 11 i in.) oraz odmian\u0119 o brzegach pionowych lub zachylonych do wn\u0119trza (tabl. I: 18, VI: 9, XIX: 7, XXI: 24 i in.). W\u015br\u00f3d przedstawicieli drugiej odmiany specjaln\u0105 pozycj\u0119 zajmuj\u0105 miseczki bardzo ma\u0142e oraz miniaturowe (tabl. VII: 19, XII: 6, XXI: 5, 27, XXIV: 32, XLIII: 30, CXII: 10). [&#8230;]<\/p><\/blockquote>\n<div id='gallery-1' class='gallery galleryid-59 gallery-columns-3 gallery-size-thumbnail'><figure class='gallery-item'>\n\t\t\t<div class='gallery-icon landscape'>\n\t\t\t\t<a href='https:\/\/chruscielowisko.org\/wp-content\/uploads\/2011\/03\/mininacz01_01.jpg'><img loading=\"lazy\" decoding=\"async\" width=\"150\" height=\"150\" src=\"https:\/\/chruscielowisko.org\/wp-content\/uploads\/2011\/03\/mininacz01_01-150x150.jpg\" class=\"attachment-thumbnail size-thumbnail\" alt=\"naczynie 1 (\u017bukowice)\" aria-describedby=\"gallery-1-63\" \/><\/a>\n\t\t\t<\/div>\n\t\t\t\t<figcaption class='wp-caption-text gallery-caption' id='gallery-1-63'>\n\t\t\t\t\u017bukowice (Parczewski 1989 Tabl. XII: 6)\n\t\t\t\t<\/figcaption><\/figure><figure class='gallery-item'>\n\t\t\t<div class='gallery-icon landscape'>\n\t\t\t\t<a href='https:\/\/chruscielowisko.org\/wp-content\/uploads\/2011\/03\/mininacz01_02.jpg'><img loading=\"lazy\" decoding=\"async\" width=\"150\" height=\"150\" src=\"https:\/\/chruscielowisko.org\/wp-content\/uploads\/2011\/03\/mininacz01_02-150x150.jpg\" class=\"attachment-thumbnail size-thumbnail\" alt=\"rekonstrukcja\" aria-describedby=\"gallery-1-64\" srcset=\"https:\/\/chruscielowisko.org\/wp-content\/uploads\/2011\/03\/mininacz01_02-150x150.jpg 150w, https:\/\/chruscielowisko.org\/wp-content\/uploads\/2011\/03\/mininacz01_02-300x300.jpg 300w, https:\/\/chruscielowisko.org\/wp-content\/uploads\/2011\/03\/mininacz01_02.jpg 576w\" sizes=\"auto, (max-width: 150px) 100vw, 150px\" \/><\/a>\n\t\t\t<\/div>\n\t\t\t\t<figcaption class='wp-caption-text gallery-caption' id='gallery-1-64'>\n\t\t\t\trekonstrukcja (fot. Chru\u015bciel)\n\t\t\t\t<\/figcaption><\/figure><figure class='gallery-item'>\n\t\t\t<div class='gallery-icon landscape'>\n\t\t\t\t<a href='https:\/\/chruscielowisko.org\/wp-content\/uploads\/2011\/03\/mininacz01_03.jpg'><img loading=\"lazy\" decoding=\"async\" width=\"150\" height=\"150\" src=\"https:\/\/chruscielowisko.org\/wp-content\/uploads\/2011\/03\/mininacz01_03-150x150.jpg\" class=\"attachment-thumbnail size-thumbnail\" alt=\"rekonstrukcja\" aria-describedby=\"gallery-1-65\" srcset=\"https:\/\/chruscielowisko.org\/wp-content\/uploads\/2011\/03\/mininacz01_03-150x150.jpg 150w, https:\/\/chruscielowisko.org\/wp-content\/uploads\/2011\/03\/mininacz01_03-300x300.jpg 300w, https:\/\/chruscielowisko.org\/wp-content\/uploads\/2011\/03\/mininacz01_03.jpg 576w\" sizes=\"auto, (max-width: 150px) 100vw, 150px\" \/><\/a>\n\t\t\t<\/div>\n\t\t\t\t<figcaption class='wp-caption-text gallery-caption' id='gallery-1-65'>\n\t\t\t\trekonstrukcja (fot. Chru\u015bciel)\n\t\t\t\t<\/figcaption><\/figure><figure class='gallery-item'>\n\t\t\t<div class='gallery-icon landscape'>\n\t\t\t\t<a href='https:\/\/chruscielowisko.org\/wp-content\/uploads\/2011\/03\/mininacz02_01.jpg'><img loading=\"lazy\" decoding=\"async\" width=\"150\" height=\"150\" src=\"https:\/\/chruscielowisko.org\/wp-content\/uploads\/2011\/03\/mininacz02_01-150x150.jpg\" class=\"attachment-thumbnail size-thumbnail\" alt=\"naczynie 2 (\u017bukowice)\" aria-describedby=\"gallery-1-66\" srcset=\"https:\/\/chruscielowisko.org\/wp-content\/uploads\/2011\/03\/mininacz02_01-150x150.jpg 150w, https:\/\/chruscielowisko.org\/wp-content\/uploads\/2011\/03\/mininacz02_01-300x300.jpg 300w, https:\/\/chruscielowisko.org\/wp-content\/uploads\/2011\/03\/mininacz02_01.jpg 400w\" sizes=\"auto, (max-width: 150px) 100vw, 150px\" \/><\/a>\n\t\t\t<\/div>\n\t\t\t\t<figcaption class='wp-caption-text gallery-caption' id='gallery-1-66'>\n\t\t\t\t\u017bukowice (Parczewski 1989 Tabl. XXI: 27)\n\t\t\t\t<\/figcaption><\/figure><figure class='gallery-item'>\n\t\t\t<div class='gallery-icon landscape'>\n\t\t\t\t<a href='https:\/\/chruscielowisko.org\/wp-content\/uploads\/2011\/03\/mininacz02_02.jpg'><img loading=\"lazy\" decoding=\"async\" width=\"150\" height=\"150\" src=\"https:\/\/chruscielowisko.org\/wp-content\/uploads\/2011\/03\/mininacz02_02-150x150.jpg\" class=\"attachment-thumbnail size-thumbnail\" alt=\"rekonstrukcja\" aria-describedby=\"gallery-1-67\" srcset=\"https:\/\/chruscielowisko.org\/wp-content\/uploads\/2011\/03\/mininacz02_02-150x150.jpg 150w, https:\/\/chruscielowisko.org\/wp-content\/uploads\/2011\/03\/mininacz02_02-300x300.jpg 300w, https:\/\/chruscielowisko.org\/wp-content\/uploads\/2011\/03\/mininacz02_02.jpg 577w\" sizes=\"auto, (max-width: 150px) 100vw, 150px\" \/><\/a>\n\t\t\t<\/div>\n\t\t\t\t<figcaption class='wp-caption-text gallery-caption' id='gallery-1-67'>\n\t\t\t\trekonstrukcja (fot. Chru\u015bciel)\n\t\t\t\t<\/figcaption><\/figure><figure class='gallery-item'>\n\t\t\t<div class='gallery-icon landscape'>\n\t\t\t\t<a href='https:\/\/chruscielowisko.org\/wp-content\/uploads\/2011\/03\/mininacz02_03.jpg'><img loading=\"lazy\" decoding=\"async\" width=\"150\" height=\"150\" src=\"https:\/\/chruscielowisko.org\/wp-content\/uploads\/2011\/03\/mininacz02_03-150x150.jpg\" class=\"attachment-thumbnail size-thumbnail\" alt=\"rekonstrukcja\" aria-describedby=\"gallery-1-68\" srcset=\"https:\/\/chruscielowisko.org\/wp-content\/uploads\/2011\/03\/mininacz02_03-150x150.jpg 150w, https:\/\/chruscielowisko.org\/wp-content\/uploads\/2011\/03\/mininacz02_03-300x300.jpg 300w, https:\/\/chruscielowisko.org\/wp-content\/uploads\/2011\/03\/mininacz02_03.jpg 575w\" sizes=\"auto, (max-width: 150px) 100vw, 150px\" \/><\/a>\n\t\t\t<\/div>\n\t\t\t\t<figcaption class='wp-caption-text gallery-caption' id='gallery-1-68'>\n\t\t\t\trekonstrukcja (fot. Chru\u015bciel)\n\t\t\t\t<\/figcaption><\/figure><figure class='gallery-item'>\n\t\t\t<div class='gallery-icon landscape'>\n\t\t\t\t<a href='https:\/\/chruscielowisko.org\/wp-content\/uploads\/2011\/03\/mininacz03_01.jpg'><img loading=\"lazy\" decoding=\"async\" width=\"150\" height=\"150\" src=\"https:\/\/chruscielowisko.org\/wp-content\/uploads\/2011\/03\/mininacz03_01-150x150.jpg\" class=\"attachment-thumbnail size-thumbnail\" alt=\"naczynie 3 (\u017bukowice)\" aria-describedby=\"gallery-1-69\" srcset=\"https:\/\/chruscielowisko.org\/wp-content\/uploads\/2011\/03\/mininacz03_01-150x150.jpg 150w, https:\/\/chruscielowisko.org\/wp-content\/uploads\/2011\/03\/mininacz03_01-300x300.jpg 300w, https:\/\/chruscielowisko.org\/wp-content\/uploads\/2011\/03\/mininacz03_01.jpg 452w\" sizes=\"auto, (max-width: 150px) 100vw, 150px\" \/><\/a>\n\t\t\t<\/div>\n\t\t\t\t<figcaption class='wp-caption-text gallery-caption' id='gallery-1-69'>\n\t\t\t\t\u017bukowice (Parczewski 1989 Tabl. XXI: 5)\n\t\t\t\t<\/figcaption><\/figure><figure class='gallery-item'>\n\t\t\t<div class='gallery-icon landscape'>\n\t\t\t\t<a href='https:\/\/chruscielowisko.org\/wp-content\/uploads\/2011\/03\/mininacz03_02.jpg'><img loading=\"lazy\" decoding=\"async\" width=\"150\" height=\"150\" src=\"https:\/\/chruscielowisko.org\/wp-content\/uploads\/2011\/03\/mininacz03_02-150x150.jpg\" class=\"attachment-thumbnail size-thumbnail\" alt=\"rekonstrukcja\" aria-describedby=\"gallery-1-70\" srcset=\"https:\/\/chruscielowisko.org\/wp-content\/uploads\/2011\/03\/mininacz03_02-150x150.jpg 150w, https:\/\/chruscielowisko.org\/wp-content\/uploads\/2011\/03\/mininacz03_02-300x300.jpg 300w, https:\/\/chruscielowisko.org\/wp-content\/uploads\/2011\/03\/mininacz03_02.jpg 575w\" sizes=\"auto, (max-width: 150px) 100vw, 150px\" \/><\/a>\n\t\t\t<\/div>\n\t\t\t\t<figcaption class='wp-caption-text gallery-caption' id='gallery-1-70'>\n\t\t\t\trekonstrukcja (fot. Chru\u015bciel)\n\t\t\t\t<\/figcaption><\/figure><figure class='gallery-item'>\n\t\t\t<div class='gallery-icon landscape'>\n\t\t\t\t<a href='https:\/\/chruscielowisko.org\/wp-content\/uploads\/2011\/03\/mininacz03_03.jpg'><img loading=\"lazy\" decoding=\"async\" width=\"150\" height=\"150\" src=\"https:\/\/chruscielowisko.org\/wp-content\/uploads\/2011\/03\/mininacz03_03-150x150.jpg\" class=\"attachment-thumbnail size-thumbnail\" alt=\"rekonstrukcja\" aria-describedby=\"gallery-1-71\" srcset=\"https:\/\/chruscielowisko.org\/wp-content\/uploads\/2011\/03\/mininacz03_03-150x150.jpg 150w, https:\/\/chruscielowisko.org\/wp-content\/uploads\/2011\/03\/mininacz03_03-300x300.jpg 300w, https:\/\/chruscielowisko.org\/wp-content\/uploads\/2011\/03\/mininacz03_03.jpg 576w\" sizes=\"auto, (max-width: 150px) 100vw, 150px\" \/><\/a>\n\t\t\t<\/div>\n\t\t\t\t<figcaption class='wp-caption-text gallery-caption' id='gallery-1-71'>\n\t\t\t\trekonstrukcja (fot. Chru\u015bciel)\n\t\t\t\t<\/figcaption><\/figure><figure class='gallery-item'>\n\t\t\t<div class='gallery-icon landscape'>\n\t\t\t\t<a href='https:\/\/chruscielowisko.org\/wp-content\/uploads\/2011\/03\/mininacz04_01.jpg'><img loading=\"lazy\" decoding=\"async\" width=\"150\" height=\"150\" src=\"https:\/\/chruscielowisko.org\/wp-content\/uploads\/2011\/03\/mininacz04_01-150x150.jpg\" class=\"attachment-thumbnail size-thumbnail\" alt=\"naczynie 4 (\u017bukowice)\" aria-describedby=\"gallery-1-72\" \/><\/a>\n\t\t\t<\/div>\n\t\t\t\t<figcaption class='wp-caption-text gallery-caption' id='gallery-1-72'>\n\t\t\t\t\u017bukowice (Parczewski 1989 Tabl. VII: 19)\n\t\t\t\t<\/figcaption><\/figure><figure class='gallery-item'>\n\t\t\t<div class='gallery-icon landscape'>\n\t\t\t\t<a href='https:\/\/chruscielowisko.org\/wp-content\/uploads\/2011\/03\/mininacz04_02.jpg'><img loading=\"lazy\" decoding=\"async\" width=\"150\" height=\"150\" src=\"https:\/\/chruscielowisko.org\/wp-content\/uploads\/2011\/03\/mininacz04_02-150x150.jpg\" class=\"attachment-thumbnail size-thumbnail\" alt=\"rekonstrukcja\" aria-describedby=\"gallery-1-73\" srcset=\"https:\/\/chruscielowisko.org\/wp-content\/uploads\/2011\/03\/mininacz04_02-150x150.jpg 150w, https:\/\/chruscielowisko.org\/wp-content\/uploads\/2011\/03\/mininacz04_02-300x300.jpg 300w, https:\/\/chruscielowisko.org\/wp-content\/uploads\/2011\/03\/mininacz04_02.jpg 575w\" sizes=\"auto, (max-width: 150px) 100vw, 150px\" \/><\/a>\n\t\t\t<\/div>\n\t\t\t\t<figcaption class='wp-caption-text gallery-caption' id='gallery-1-73'>\n\t\t\t\trekonstrukcja (fot. Chru\u015bciel)\n\t\t\t\t<\/figcaption><\/figure><figure class='gallery-item'>\n\t\t\t<div class='gallery-icon landscape'>\n\t\t\t\t<a href='https:\/\/chruscielowisko.org\/wp-content\/uploads\/2011\/03\/mininacz04_03.jpg'><img loading=\"lazy\" decoding=\"async\" width=\"150\" height=\"150\" src=\"https:\/\/chruscielowisko.org\/wp-content\/uploads\/2011\/03\/mininacz04_03-150x150.jpg\" class=\"attachment-thumbnail size-thumbnail\" alt=\"rekonstrukcja\" aria-describedby=\"gallery-1-74\" srcset=\"https:\/\/chruscielowisko.org\/wp-content\/uploads\/2011\/03\/mininacz04_03-150x150.jpg 150w, https:\/\/chruscielowisko.org\/wp-content\/uploads\/2011\/03\/mininacz04_03-300x300.jpg 300w, https:\/\/chruscielowisko.org\/wp-content\/uploads\/2011\/03\/mininacz04_03.jpg 572w\" sizes=\"auto, (max-width: 150px) 100vw, 150px\" \/><\/a>\n\t\t\t<\/div>\n\t\t\t\t<figcaption class='wp-caption-text gallery-caption' id='gallery-1-74'>\n\t\t\t\trekonstrukcja (fot. Chru\u015bciel)\n\t\t\t\t<\/figcaption><\/figure><figure class='gallery-item'>\n\t\t\t<div class='gallery-icon portrait'>\n\t\t\t\t<a href='https:\/\/chruscielowisko.org\/wp-content\/uploads\/2011\/03\/mininacz05_01.jpg'><img loading=\"lazy\" decoding=\"async\" width=\"150\" height=\"150\" src=\"https:\/\/chruscielowisko.org\/wp-content\/uploads\/2011\/03\/mininacz05_01-150x150.jpg\" class=\"attachment-thumbnail size-thumbnail\" alt=\"naczynie 5 (\u017bukowice)\" aria-describedby=\"gallery-1-75\" \/><\/a>\n\t\t\t<\/div>\n\t\t\t\t<figcaption class='wp-caption-text gallery-caption' id='gallery-1-75'>\n\t\t\t\t\u017bukowice (Parczewski 1989 Tabl. CXII: 10)\n\t\t\t\t<\/figcaption><\/figure><figure class='gallery-item'>\n\t\t\t<div class='gallery-icon landscape'>\n\t\t\t\t<a href='https:\/\/chruscielowisko.org\/wp-content\/uploads\/2011\/03\/mininacz05_02.jpg'><img loading=\"lazy\" decoding=\"async\" width=\"150\" height=\"150\" src=\"https:\/\/chruscielowisko.org\/wp-content\/uploads\/2011\/03\/mininacz05_02-150x150.jpg\" class=\"attachment-thumbnail size-thumbnail\" alt=\"rekonstrukcja\" aria-describedby=\"gallery-1-76\" srcset=\"https:\/\/chruscielowisko.org\/wp-content\/uploads\/2011\/03\/mininacz05_02-150x150.jpg 150w, https:\/\/chruscielowisko.org\/wp-content\/uploads\/2011\/03\/mininacz05_02-300x300.jpg 300w, https:\/\/chruscielowisko.org\/wp-content\/uploads\/2011\/03\/mininacz05_02.jpg 575w\" sizes=\"auto, (max-width: 150px) 100vw, 150px\" \/><\/a>\n\t\t\t<\/div>\n\t\t\t\t<figcaption class='wp-caption-text gallery-caption' id='gallery-1-76'>\n\t\t\t\trekonstrukcja (fot. Chru\u015bciel)\n\t\t\t\t<\/figcaption><\/figure><figure class='gallery-item'>\n\t\t\t<div class='gallery-icon landscape'>\n\t\t\t\t<a href='https:\/\/chruscielowisko.org\/wp-content\/uploads\/2011\/03\/mininacz05_03.jpg'><img loading=\"lazy\" decoding=\"async\" width=\"150\" height=\"150\" src=\"https:\/\/chruscielowisko.org\/wp-content\/uploads\/2011\/03\/mininacz05_03-150x150.jpg\" class=\"attachment-thumbnail size-thumbnail\" alt=\"rekonstrukcja\" aria-describedby=\"gallery-1-77\" srcset=\"https:\/\/chruscielowisko.org\/wp-content\/uploads\/2011\/03\/mininacz05_03-150x150.jpg 150w, https:\/\/chruscielowisko.org\/wp-content\/uploads\/2011\/03\/mininacz05_03-300x300.jpg 300w, https:\/\/chruscielowisko.org\/wp-content\/uploads\/2011\/03\/mininacz05_03.jpg 575w\" sizes=\"auto, (max-width: 150px) 100vw, 150px\" \/><\/a>\n\t\t\t<\/div>\n\t\t\t\t<figcaption class='wp-caption-text gallery-caption' id='gallery-1-77'>\n\t\t\t\trekonstrukcja (fot. Chru\u015bciel)\n\t\t\t\t<\/figcaption><\/figure><figure class='gallery-item'>\n\t\t\t<div class='gallery-icon portrait'>\n\t\t\t\t<a href='https:\/\/chruscielowisko.org\/wp-content\/uploads\/2011\/03\/mininacz06_01.jpg'><img loading=\"lazy\" decoding=\"async\" width=\"150\" height=\"150\" src=\"https:\/\/chruscielowisko.org\/wp-content\/uploads\/2011\/03\/mininacz06_01-150x150.jpg\" class=\"attachment-thumbnail size-thumbnail\" alt=\"naczynie 6 (\u017bukowice)\" aria-describedby=\"gallery-1-78\" \/><\/a>\n\t\t\t<\/div>\n\t\t\t\t<figcaption class='wp-caption-text gallery-caption' id='gallery-1-78'>\n\t\t\t\t\u017bukowice (Parczewski 1989 Tabl. XLIII: 30)\n\t\t\t\t<\/figcaption><\/figure><figure class='gallery-item'>\n\t\t\t<div class='gallery-icon landscape'>\n\t\t\t\t<a href='https:\/\/chruscielowisko.org\/wp-content\/uploads\/2011\/03\/mininacz06_02.jpg'><img loading=\"lazy\" decoding=\"async\" width=\"150\" height=\"150\" src=\"https:\/\/chruscielowisko.org\/wp-content\/uploads\/2011\/03\/mininacz06_02-150x150.jpg\" class=\"attachment-thumbnail size-thumbnail\" alt=\"rekonstrukcja\" aria-describedby=\"gallery-1-79\" srcset=\"https:\/\/chruscielowisko.org\/wp-content\/uploads\/2011\/03\/mininacz06_02-150x150.jpg 150w, https:\/\/chruscielowisko.org\/wp-content\/uploads\/2011\/03\/mininacz06_02-300x300.jpg 300w, https:\/\/chruscielowisko.org\/wp-content\/uploads\/2011\/03\/mininacz06_02.jpg 575w\" sizes=\"auto, (max-width: 150px) 100vw, 150px\" \/><\/a>\n\t\t\t<\/div>\n\t\t\t\t<figcaption class='wp-caption-text gallery-caption' id='gallery-1-79'>\n\t\t\t\trekonstrukcja (fot. Chru\u015bciel)\n\t\t\t\t<\/figcaption><\/figure><figure class='gallery-item'>\n\t\t\t<div class='gallery-icon landscape'>\n\t\t\t\t<a href='https:\/\/chruscielowisko.org\/wp-content\/uploads\/2011\/03\/mininacz06_03.jpg'><img loading=\"lazy\" decoding=\"async\" width=\"150\" height=\"150\" src=\"https:\/\/chruscielowisko.org\/wp-content\/uploads\/2011\/03\/mininacz06_03-150x150.jpg\" class=\"attachment-thumbnail size-thumbnail\" alt=\"rekonstrukcja\" aria-describedby=\"gallery-1-80\" srcset=\"https:\/\/chruscielowisko.org\/wp-content\/uploads\/2011\/03\/mininacz06_03-150x150.jpg 150w, https:\/\/chruscielowisko.org\/wp-content\/uploads\/2011\/03\/mininacz06_03-300x300.jpg 300w, https:\/\/chruscielowisko.org\/wp-content\/uploads\/2011\/03\/mininacz06_03.jpg 576w\" sizes=\"auto, (max-width: 150px) 100vw, 150px\" \/><\/a>\n\t\t\t<\/div>\n\t\t\t\t<figcaption class='wp-caption-text gallery-caption' id='gallery-1-80'>\n\t\t\t\trekonstrukcja (fot. Chru\u015bciel)\n\t\t\t\t<\/figcaption><\/figure><figure class='gallery-item'>\n\t\t\t<div class='gallery-icon landscape'>\n\t\t\t\t<a href='https:\/\/chruscielowisko.org\/wp-content\/uploads\/2011\/03\/mininacz07_01.jpg'><img loading=\"lazy\" decoding=\"async\" width=\"150\" height=\"150\" src=\"https:\/\/chruscielowisko.org\/wp-content\/uploads\/2011\/03\/mininacz07_01-150x150.jpg\" class=\"attachment-thumbnail size-thumbnail\" alt=\"naczynie 7 (\u017bukowice)\" aria-describedby=\"gallery-1-81\" srcset=\"https:\/\/chruscielowisko.org\/wp-content\/uploads\/2011\/03\/mininacz07_01-150x150.jpg 150w, https:\/\/chruscielowisko.org\/wp-content\/uploads\/2011\/03\/mininacz07_01-300x300.jpg 300w, https:\/\/chruscielowisko.org\/wp-content\/uploads\/2011\/03\/mininacz07_01.jpg 318w\" sizes=\"auto, (max-width: 150px) 100vw, 150px\" \/><\/a>\n\t\t\t<\/div>\n\t\t\t\t<figcaption class='wp-caption-text gallery-caption' id='gallery-1-81'>\n\t\t\t\t\u017bukowice (Parczewski 1989 Tabl. XXIV: 32)\n\t\t\t\t<\/figcaption><\/figure><figure class='gallery-item'>\n\t\t\t<div class='gallery-icon landscape'>\n\t\t\t\t<a href='https:\/\/chruscielowisko.org\/wp-content\/uploads\/2011\/03\/mininacz07_02.jpg'><img loading=\"lazy\" decoding=\"async\" width=\"150\" height=\"150\" src=\"https:\/\/chruscielowisko.org\/wp-content\/uploads\/2011\/03\/mininacz07_02-150x150.jpg\" class=\"attachment-thumbnail size-thumbnail\" alt=\"rekonstrukcja\" aria-describedby=\"gallery-1-82\" srcset=\"https:\/\/chruscielowisko.org\/wp-content\/uploads\/2011\/03\/mininacz07_02-150x150.jpg 150w, https:\/\/chruscielowisko.org\/wp-content\/uploads\/2011\/03\/mininacz07_02-300x300.jpg 300w, https:\/\/chruscielowisko.org\/wp-content\/uploads\/2011\/03\/mininacz07_02.jpg 575w\" sizes=\"auto, (max-width: 150px) 100vw, 150px\" \/><\/a>\n\t\t\t<\/div>\n\t\t\t\t<figcaption class='wp-caption-text gallery-caption' id='gallery-1-82'>\n\t\t\t\trekonstrukcja (fot. Chru\u015bciel)\n\t\t\t\t<\/figcaption><\/figure><figure class='gallery-item'>\n\t\t\t<div class='gallery-icon landscape'>\n\t\t\t\t<a href='https:\/\/chruscielowisko.org\/wp-content\/uploads\/2011\/03\/mininacz07_03.jpg'><img loading=\"lazy\" decoding=\"async\" width=\"150\" height=\"150\" src=\"https:\/\/chruscielowisko.org\/wp-content\/uploads\/2011\/03\/mininacz07_03-150x150.jpg\" class=\"attachment-thumbnail size-thumbnail\" alt=\"rekonstrukcja\" aria-describedby=\"gallery-1-83\" srcset=\"https:\/\/chruscielowisko.org\/wp-content\/uploads\/2011\/03\/mininacz07_03-150x150.jpg 150w, https:\/\/chruscielowisko.org\/wp-content\/uploads\/2011\/03\/mininacz07_03-300x300.jpg 300w, https:\/\/chruscielowisko.org\/wp-content\/uploads\/2011\/03\/mininacz07_03.jpg 575w\" sizes=\"auto, (max-width: 150px) 100vw, 150px\" \/><\/a>\n\t\t\t<\/div>\n\t\t\t\t<figcaption class='wp-caption-text gallery-caption' id='gallery-1-83'>\n\t\t\t\trekonstrukcja (fot. Chru\u015bciel)\n\t\t\t\t<\/figcaption><\/figure>\n\t\t<\/div>\n\n<p>Wypa\u0142 naczy\u0144 odby\u0142 si\u0119 w jamie garncarskiej przy u\u017cyciu drewna li\u015bciastego, g\u0142\u00f3wnie brzozy, i trwa\u0142 kilka godzin. <\/p>\n<div id='gallery-2' class='gallery galleryid-59 gallery-columns-2 gallery-size-thumbnail'><figure class='gallery-item'>\n\t\t\t<div class='gallery-icon landscape'>\n\t\t\t\t<a href='https:\/\/chruscielowisko.org\/wp-content\/uploads\/2026\/02\/Chruscielowy_wypal_20080727_01.jpg'><img loading=\"lazy\" decoding=\"async\" width=\"150\" height=\"150\" src=\"https:\/\/chruscielowisko.org\/wp-content\/uploads\/2026\/02\/Chruscielowy_wypal_20080727_01-150x150.jpg\" class=\"attachment-thumbnail size-thumbnail\" alt=\"\" aria-describedby=\"gallery-2-4806\" \/><\/a>\n\t\t\t<\/div>\n\t\t\t\t<figcaption class='wp-caption-text gallery-caption' id='gallery-2-4806'>\n\t\t\t\tfot. Chru\u015bciel\n\t\t\t\t<\/figcaption><\/figure><figure class='gallery-item'>\n\t\t\t<div class='gallery-icon landscape'>\n\t\t\t\t<a href='https:\/\/chruscielowisko.org\/wp-content\/uploads\/2026\/02\/Chruscielowy_wypal_20080727_02.jpg'><img loading=\"lazy\" decoding=\"async\" width=\"150\" height=\"150\" src=\"https:\/\/chruscielowisko.org\/wp-content\/uploads\/2026\/02\/Chruscielowy_wypal_20080727_02-150x150.jpg\" class=\"attachment-thumbnail size-thumbnail\" alt=\"\" aria-describedby=\"gallery-2-4805\" \/><\/a>\n\t\t\t<\/div>\n\t\t\t\t<figcaption class='wp-caption-text gallery-caption' id='gallery-2-4805'>\n\t\t\t\tfot. Chru\u015bciel\n\t\t\t\t<\/figcaption><\/figure><figure class='gallery-item'>\n\t\t\t<div class='gallery-icon landscape'>\n\t\t\t\t<a href='https:\/\/chruscielowisko.org\/wp-content\/uploads\/2026\/02\/Chruscielowy_wypal_20080727_03.jpg'><img loading=\"lazy\" decoding=\"async\" width=\"150\" height=\"150\" src=\"https:\/\/chruscielowisko.org\/wp-content\/uploads\/2026\/02\/Chruscielowy_wypal_20080727_03-150x150.jpg\" class=\"attachment-thumbnail size-thumbnail\" alt=\"\" aria-describedby=\"gallery-2-4804\" \/><\/a>\n\t\t\t<\/div>\n\t\t\t\t<figcaption class='wp-caption-text gallery-caption' id='gallery-2-4804'>\n\t\t\t\tfot. Chru\u015bciel\n\t\t\t\t<\/figcaption><\/figure><figure class='gallery-item'>\n\t\t\t<div class='gallery-icon landscape'>\n\t\t\t\t<a href='https:\/\/chruscielowisko.org\/wp-content\/uploads\/2026\/02\/Chruscielowy_wypal_20080727_04.jpg'><img loading=\"lazy\" decoding=\"async\" width=\"150\" height=\"150\" src=\"https:\/\/chruscielowisko.org\/wp-content\/uploads\/2026\/02\/Chruscielowy_wypal_20080727_04-150x150.jpg\" class=\"attachment-thumbnail size-thumbnail\" alt=\"\" aria-describedby=\"gallery-2-4803\" \/><\/a>\n\t\t\t<\/div>\n\t\t\t\t<figcaption class='wp-caption-text gallery-caption' id='gallery-2-4803'>\n\t\t\t\tfot. Chru\u015bciel\n\t\t\t\t<\/figcaption><\/figure>\n\t\t<\/div>\n\n<p>Zrekonstruowane naczynia zosta\u0142y wykonane na zlecenie <a href=\"https:\/\/e-iso.pl\/lgd\/szlakodry_www_arch\/wiadomosci\/98\/oferta-ekomuzeum-dziadoszan\">Ekomuzeum &#8220;Dziadoszan&#8221; w Wietszycach<\/a> i wesz\u0142y w sk\u0142ad jego sta\u0142ej wystawy.<\/p>\n<hr \/>\n<p><strong>Literatura<\/strong><\/p>\n<p><sup><strong>Parczewski 1989<\/strong><\/sup><br \/>\nParczewski Micha\u0142 \u2018\u017bukowice pod G\u0142ogowem w zaraniu \u015bredniowiecza\u2019, [w:] \u2018G\u0142ogowskie Zeszyty Naukowe\u2019, t. 2, G\u0142og\u00f3w 1989.<\/p>\n","protected":false},"excerpt":{"rendered":"<p>opublikowano: 2011-03-01, ostatnia aktualizacja: 2026-02-20 Tyle o tytu\u0142owych naczyniach mo\u017cemy wyczyta\u0107 w \u017cukowickiej monografii (Parczewski 1989 s. 32): Naczynia misowate stanowi\u0105 niezmiernie charakterystyczny sk\u0142adnik zestawu form ceramicznych z \u017bukowic. Ich obecno\u015b\u0107 uda\u0142o si\u0119 stwierdzi\u0107 w 73 jamach, z czego 33 reprezentuj\u0105 zespo\u0142y wiarygodne; ponad po\u0142owa wi\u0119kszych zespo\u0142\u00f3w wiarygodnych zawiera pozosta\u0142o\u015bci mis (tabela 8). Wyr\u00f3\u017cniono misy&#8230;<\/p>\n","protected":false},"author":1,"featured_media":0,"parent":3136,"menu_order":0,"comment_status":"open","ping_status":"closed","template":"","meta":{"footnotes":""},"class_list":["post-59","page","type-page","status-publish","hentry"],"_links":{"self":[{"href":"https:\/\/chruscielowisko.org\/index.php?rest_route=\/wp\/v2\/pages\/59","targetHints":{"allow":["GET"]}}],"collection":[{"href":"https:\/\/chruscielowisko.org\/index.php?rest_route=\/wp\/v2\/pages"}],"about":[{"href":"https:\/\/chruscielowisko.org\/index.php?rest_route=\/wp\/v2\/types\/page"}],"author":[{"embeddable":true,"href":"https:\/\/chruscielowisko.org\/index.php?rest_route=\/wp\/v2\/users\/1"}],"replies":[{"embeddable":true,"href":"https:\/\/chruscielowisko.org\/index.php?rest_route=%2Fwp%2Fv2%2Fcomments&post=59"}],"version-history":[{"count":17,"href":"https:\/\/chruscielowisko.org\/index.php?rest_route=\/wp\/v2\/pages\/59\/revisions"}],"predecessor-version":[{"id":5074,"href":"https:\/\/chruscielowisko.org\/index.php?rest_route=\/wp\/v2\/pages\/59\/revisions\/5074"}],"up":[{"embeddable":true,"href":"https:\/\/chruscielowisko.org\/index.php?rest_route=\/wp\/v2\/pages\/3136"}],"wp:attachment":[{"href":"https:\/\/chruscielowisko.org\/index.php?rest_route=%2Fwp%2Fv2%2Fmedia&parent=59"}],"curies":[{"name":"wp","href":"https:\/\/api.w.org\/{rel}","templated":true}]}}