{"id":3922,"date":"2025-09-10T14:54:46","date_gmt":"2025-09-10T12:54:46","guid":{"rendered":"https:\/\/chruscielowisko.dzwiek.org\/?page_id=3922"},"modified":"2026-04-01T17:59:55","modified_gmt":"2026-04-01T15:59:55","slug":"wytworczosc-tekstylna","status":"publish","type":"page","link":"https:\/\/chruscielowisko.org\/?page_id=3922","title":{"rendered":"wytw\u00f3rczo\u015b\u0107 tekstylna"},"content":{"rendered":"<p>W dziale tym znajdziej artefakty zwi\u0105zane z wytwarzaniem i obr\u00f3bk\u0105 w\u0142\u00f3kien oraz tkanin Dziadoszan.<\/p>\n<ul>\n<li><a href=\"https:\/\/chruscielowisko.org\/?page_id=2261\">igielnik (?) z \u017bukowic<\/a><\/li>\n<li><a href=\"https:\/\/chruscielowisko.org\/?page_id=105\">prz\u0119\u015bliki z \u017bukowic ko\u0142o G\u0142ogowa<\/a><\/li>\n<li><a href=\"https:\/\/chruscielowisko.org\/?page_id=180\">szpula z \u017bukowic ko\u0142o G\u0142ogowa<\/a><\/li>\n<li><a href=\"https:\/\/chruscielowisko.org\/?page_id=223\">wrzeciona z G\u0142ogowa<\/a><\/li>\n<\/ul>\n","protected":false},"excerpt":{"rendered":"<p>W dziale tym znajdziej artefakty zwi\u0105zane z wytwarzaniem i obr\u00f3bk\u0105 w\u0142\u00f3kien oraz tkanin Dziadoszan. igielnik (?) z \u017bukowic prz\u0119\u015bliki z \u017bukowic ko\u0142o G\u0142ogowa szpula z \u017bukowic ko\u0142o G\u0142ogowa wrzeciona z G\u0142ogowa<\/p>\n","protected":false},"author":1,"featured_media":0,"parent":1601,"menu_order":0,"comment_status":"open","ping_status":"closed","template":"","meta":{"footnotes":""},"class_list":["post-3922","page","type-page","status-publish","hentry"],"_links":{"self":[{"href":"https:\/\/chruscielowisko.org\/index.php?rest_route=\/wp\/v2\/pages\/3922","targetHints":{"allow":["GET"]}}],"collection":[{"href":"https:\/\/chruscielowisko.org\/index.php?rest_route=\/wp\/v2\/pages"}],"about":[{"href":"https:\/\/chruscielowisko.org\/index.php?rest_route=\/wp\/v2\/types\/page"}],"author":[{"embeddable":true,"href":"https:\/\/chruscielowisko.org\/index.php?rest_route=\/wp\/v2\/users\/1"}],"replies":[{"embeddable":true,"href":"https:\/\/chruscielowisko.org\/index.php?rest_route=%2Fwp%2Fv2%2Fcomments&post=3922"}],"version-history":[{"count":6,"href":"https:\/\/chruscielowisko.org\/index.php?rest_route=\/wp\/v2\/pages\/3922\/revisions"}],"predecessor-version":[{"id":5091,"href":"https:\/\/chruscielowisko.org\/index.php?rest_route=\/wp\/v2\/pages\/3922\/revisions\/5091"}],"up":[{"embeddable":true,"href":"https:\/\/chruscielowisko.org\/index.php?rest_route=\/wp\/v2\/pages\/1601"}],"wp:attachment":[{"href":"https:\/\/chruscielowisko.org\/index.php?rest_route=%2Fwp%2Fv2%2Fmedia&parent=3922"}],"curies":[{"name":"wp","href":"https:\/\/api.w.org\/{rel}","templated":true}]}}