{"id":3920,"date":"2025-09-10T14:54:38","date_gmt":"2025-09-10T12:54:38","guid":{"rendered":"https:\/\/chruscielowisko.dzwiek.org\/?page_id=3920"},"modified":"2026-04-07T20:32:41","modified_gmt":"2026-04-07T18:32:41","slug":"przedmioty-osobiste-i-uzytkowe","status":"publish","type":"page","link":"https:\/\/chruscielowisko.org\/?page_id=3920","title":{"rendered":"przedmioty osobiste i u\u017cytkowe"},"content":{"rendered":"<p>W dziale tym znajdziej artefakty b\u0119d\u0105ce wyposa\u017ceniem osobistym, urz\u0105dzeniami i narz\u0119dziami Dziadoszan.<\/p>\n<ul>\n<li><a href=\"https:\/\/chruscielowisko.org\/?page_id=637\">dirhemy z Obiszowa<\/a><\/li>\n<li><a href=\"https:\/\/chruscielowisko.org\/?page_id=1025\">grzebie\u0144 z Obiszowa<\/a><\/li>\n<li><a href=\"https:\/\/chruscielowisko.org\/?page_id=949\">grzywny grotopodobne<\/a><\/li>\n<li><a href=\"https:\/\/chruscielowisko.org\/?page_id=1418\">misy tzw. typu \u015bl\u0105skiego<\/a><\/li>\n<li><a href=\"https:\/\/chruscielowisko.org\/?page_id=794\">no\u017ce wolutowe<\/a><\/li>\n<li><a href=\"https:\/\/chruscielowisko.org\/?page_id=1387\">n\u00f3\u017c z Obiszowa<\/a><\/li>\n<li><a href=\"https:\/\/chruscielowisko.org\/?page_id=391\">n\u00f3\u017c z oprawk\u0105 z \u017bukowic<\/a><\/li>\n<li><a href=\"https:\/\/chruscielowisko.org\/?page_id=1784\">ose\u0142ki importowane ze Skandynawii<\/a><\/li>\n<li><a href=\"https:\/\/chruscielowisko.org\/?page_id=1918\">ose\u0142ki z Jeg\u0142owej<\/a><\/li>\n<\/ul>\n","protected":false},"excerpt":{"rendered":"<p>W dziale tym znajdziej artefakty b\u0119d\u0105ce wyposa\u017ceniem osobistym, urz\u0105dzeniami i narz\u0119dziami Dziadoszan. dirhemy z Obiszowa grzebie\u0144 z Obiszowa grzywny grotopodobne misy tzw. typu \u015bl\u0105skiego no\u017ce wolutowe n\u00f3\u017c z Obiszowa n\u00f3\u017c z oprawk\u0105 z \u017bukowic ose\u0142ki importowane ze Skandynawii ose\u0142ki z Jeg\u0142owej<\/p>\n","protected":false},"author":1,"featured_media":0,"parent":1601,"menu_order":0,"comment_status":"open","ping_status":"closed","template":"","meta":{"footnotes":""},"class_list":["post-3920","page","type-page","status-publish","hentry"],"_links":{"self":[{"href":"https:\/\/chruscielowisko.org\/index.php?rest_route=\/wp\/v2\/pages\/3920","targetHints":{"allow":["GET"]}}],"collection":[{"href":"https:\/\/chruscielowisko.org\/index.php?rest_route=\/wp\/v2\/pages"}],"about":[{"href":"https:\/\/chruscielowisko.org\/index.php?rest_route=\/wp\/v2\/types\/page"}],"author":[{"embeddable":true,"href":"https:\/\/chruscielowisko.org\/index.php?rest_route=\/wp\/v2\/users\/1"}],"replies":[{"embeddable":true,"href":"https:\/\/chruscielowisko.org\/index.php?rest_route=%2Fwp%2Fv2%2Fcomments&post=3920"}],"version-history":[{"count":8,"href":"https:\/\/chruscielowisko.org\/index.php?rest_route=\/wp\/v2\/pages\/3920\/revisions"}],"predecessor-version":[{"id":5147,"href":"https:\/\/chruscielowisko.org\/index.php?rest_route=\/wp\/v2\/pages\/3920\/revisions\/5147"}],"up":[{"embeddable":true,"href":"https:\/\/chruscielowisko.org\/index.php?rest_route=\/wp\/v2\/pages\/1601"}],"wp:attachment":[{"href":"https:\/\/chruscielowisko.org\/index.php?rest_route=%2Fwp%2Fv2%2Fmedia&parent=3920"}],"curies":[{"name":"wp","href":"https:\/\/api.w.org\/{rel}","templated":true}]}}