{"id":3136,"date":"2025-02-14T16:08:20","date_gmt":"2025-02-14T17:08:20","guid":{"rendered":"https:\/\/chruscielowisko.dzwiek.org\/?page_id=3136"},"modified":"2026-04-01T17:57:38","modified_gmt":"2026-04-01T15:57:38","slug":"naczynia-ceramiczne","status":"publish","type":"page","link":"https:\/\/chruscielowisko.org\/?page_id=3136","title":{"rendered":"garncarstwo"},"content":{"rendered":"<p>W tym dziale naczynia ceramiczne znajdziecie rodzime, a i obce, acz w ziemi Dziadoszan odnajdowane, z podzia\u0142em na typy, grupy stylistyczne, czy funkcje wszelakie, jak i narz\u0119dzie oraz urz\u0105dzenia z ich wytwarzaniem zwi\u0105zane.<\/p>\n<ul>\n<li><a href=\"https:\/\/chruscielowisko.org\/?page_id=3214\">dalkowsko-obrza\u0144ska rodzina typ\u00f3w<\/a><\/li>\n<li><a href=\"https:\/\/chruscielowisko.org\/?page_id=2255\">garnki wczesne<\/a><\/li>\n<li><a href=\"https:\/\/chruscielowisko.org\/?page_id=3219\">Menkendorf<\/a><\/li>\n<li><a href=\"https:\/\/chruscielowisko.org\/?page_id=59\">najmniejsze naczynia z \u017bukowic<\/a><\/li>\n<li><a href=\"https:\/\/chruscielowisko.org\/?page_id=174\">piec z Kremitz<\/a><\/li>\n<li><a href=\"https:\/\/chruscielowisko.org\/?page_id=1291\">puchary<\/a><\/li>\n<li><a href=\"https:\/\/chruscielowisko.org\/?page_id=3217\">Solniki-Lipowiec<\/a><\/li>\n<li><a href=\"https:\/\/chruscielowisko.org\/?page_id=3221\">talerze<\/a><\/li>\n<li><a href=\"https:\/\/chruscielowisko.org\/?page_id=194\">talerz z \u017bukowic<\/a><\/li>\n<li><a href=\"https:\/\/chruscielowisko.org\/?page_id=3216\">Tornow<\/a><\/li>\n<\/ul>\n","protected":false},"excerpt":{"rendered":"<p>W tym dziale naczynia ceramiczne znajdziecie rodzime, a i obce, acz w ziemi Dziadoszan odnajdowane, z podzia\u0142em na typy, grupy stylistyczne, czy funkcje wszelakie, jak i narz\u0119dzie oraz urz\u0105dzenia z ich wytwarzaniem zwi\u0105zane. dalkowsko-obrza\u0144ska rodzina typ\u00f3w garnki wczesne Menkendorf najmniejsze naczynia z \u017bukowic piec z Kremitz puchary Solniki-Lipowiec talerze talerz z \u017bukowic Tornow<\/p>\n","protected":false},"author":1,"featured_media":0,"parent":1601,"menu_order":0,"comment_status":"open","ping_status":"closed","template":"","meta":{"footnotes":""},"class_list":["post-3136","page","type-page","status-publish","hentry"],"_links":{"self":[{"href":"https:\/\/chruscielowisko.org\/index.php?rest_route=\/wp\/v2\/pages\/3136","targetHints":{"allow":["GET"]}}],"collection":[{"href":"https:\/\/chruscielowisko.org\/index.php?rest_route=\/wp\/v2\/pages"}],"about":[{"href":"https:\/\/chruscielowisko.org\/index.php?rest_route=\/wp\/v2\/types\/page"}],"author":[{"embeddable":true,"href":"https:\/\/chruscielowisko.org\/index.php?rest_route=\/wp\/v2\/users\/1"}],"replies":[{"embeddable":true,"href":"https:\/\/chruscielowisko.org\/index.php?rest_route=%2Fwp%2Fv2%2Fcomments&post=3136"}],"version-history":[{"count":19,"href":"https:\/\/chruscielowisko.org\/index.php?rest_route=\/wp\/v2\/pages\/3136\/revisions"}],"predecessor-version":[{"id":5086,"href":"https:\/\/chruscielowisko.org\/index.php?rest_route=\/wp\/v2\/pages\/3136\/revisions\/5086"}],"up":[{"embeddable":true,"href":"https:\/\/chruscielowisko.org\/index.php?rest_route=\/wp\/v2\/pages\/1601"}],"wp:attachment":[{"href":"https:\/\/chruscielowisko.org\/index.php?rest_route=%2Fwp%2Fv2%2Fmedia&parent=3136"}],"curies":[{"name":"wp","href":"https:\/\/api.w.org\/{rel}","templated":true}]}}