{"id":223,"date":"2011-03-02T18:44:36","date_gmt":"2011-03-02T19:44:36","guid":{"rendered":"http:\/\/chruscielowisko.dzwiek.org\/?page_id=223"},"modified":"2025-12-15T14:39:58","modified_gmt":"2025-12-15T12:39:58","slug":"wrzeciona-z-glogowa","status":"publish","type":"page","link":"https:\/\/chruscielowisko.org\/?page_id=223","title":{"rendered":"wrzeciona z G\u0142ogowa"},"content":{"rendered":"<p><strong>Opis zabytku<\/strong><\/p>\n<p>Wrzeciona by\u0142a prezentowane w okresie lipiec-grudzie\u0144 2007 roku na wystawie zatytu\u0142owanej \u201cNasze najcenniejsze\u201d w Muzeum Archeologiczno-Historycznym w G\u0142ogowie w gablocie opisanej &#8220;Zabytki z grodu piastowskiego na Ostrowie Tumskim w G\u0142ogowie (X-XII w.)&#8221;.<\/p>\n<p><strong>Analogiczne zabytki<\/strong><\/p>\n<p>Wrzeciona na terenie S\u0142owia\u0144szczyzny<\/p>\n<p>&#8220;W\u0142\u00f3kno to prz\u0119dzono za pomoc\u0105 drewnianego iglicowatego wrzeciona obci\u0105\u017conego na\u0142o\u017conym na nie pier\u015bcieniem, tzw. prz\u0119\u015blinem (lub prz\u0119\u015blikiem). Wrzeciona drewniane wyst\u0119puj\u0105 sporadycznie w\u015br\u00f3d znalezisk wczesno\u015bredniowiecznych i s\u0105 nieraz znakowane [297]. Najwi\u0119cej znamy ich obecnie z teren\u00f3w Polski i Rusi. [&#8230;]<\/p>\n<p>[297] Znamy je aktualnie z wielu stanowisk s\u0142owia\u0144skich, m.in. z Gda\u0144ska, Opola i Nowogrodu, ale liczniejsze s\u0105 znaleziska wrzecion nieoznakowanych. Odkryto je podczas wielu wykopalisk wschodnio- i zachodnios\u0142owia\u0144skich. O ich powszechnym u\u017cywaniu na ca\u0142ym obszarze S\u0142owia\u0144szczyzny informuj\u0105 wy\u017cej wspomniane prz\u0119\u015bliki, kt\u00f3re na wi\u0119kszych obiektach znajduje si\u0119 w liczbie si\u0119gaj\u0105cej ponad 1000 egzemplarzy (np. w Mikul\u010dicach). Z Ostrowa Lednickiego (woj. Pozna\u0144) pochodzi cz\u0119\u015b\u0107 wrzeciona z zachowan\u0105 nici\u0105. Zob. Z otch. w., r. XXI, s.108. Analiza okaz\u00f3w znalezionych w Szczecinie wskaza\u0142a, \u017ce tamtejsze wrzeciona wykonywano z drewna m. In. Klonu (Acer platanoides L.), dzikiej jab\u0142oni (Malus silvestris L.) i kaliny hordowiny (Viburnum lantana L.). Por. B. Molski, &#8220;Gatunki drewna&#8221;, s. 498 n.&#8221;<sup>1<\/sup><\/p>\n<p><strong>Zdj\u0119cia i rysunki<\/strong><\/p>\n<p><strong><div id='gallery-1' class='gallery galleryid-223 gallery-columns-3 gallery-size-thumbnail'><figure class='gallery-item'>\n\t\t\t<div class='gallery-icon landscape'>\n\t\t\t\t<a href='https:\/\/chruscielowisko.org\/wp-content\/uploads\/2011\/03\/wrzeciono01_01.jpg'><img loading=\"lazy\" decoding=\"async\" width=\"150\" height=\"150\" src=\"https:\/\/chruscielowisko.org\/wp-content\/uploads\/2011\/03\/wrzeciono01_01-150x150.jpg\" class=\"attachment-thumbnail size-thumbnail\" alt=\"wrzeciono 1 (G\u0142og\u00f3w)\" aria-describedby=\"gallery-1-227\" srcset=\"https:\/\/chruscielowisko.org\/wp-content\/uploads\/2011\/03\/wrzeciono01_01-150x150.jpg 150w, https:\/\/chruscielowisko.org\/wp-content\/uploads\/2011\/03\/wrzeciono01_01-300x300.jpg 300w, https:\/\/chruscielowisko.org\/wp-content\/uploads\/2011\/03\/wrzeciono01_01.jpg 567w\" sizes=\"auto, (max-width: 150px) 100vw, 150px\" \/><\/a>\n\t\t\t<\/div>\n\t\t\t\t<figcaption class='wp-caption-text gallery-caption' id='gallery-1-227'>\n\t\t\t\twrzeciono 1 (G\u0142og\u00f3w)<sup>2<\/sup>\n\t\t\t\t<\/figcaption><\/figure><figure class='gallery-item'>\n\t\t\t<div class='gallery-icon landscape'>\n\t\t\t\t<a href='https:\/\/chruscielowisko.org\/wp-content\/uploads\/2011\/03\/wrzeciono01_02.jpg'><img loading=\"lazy\" decoding=\"async\" width=\"150\" height=\"150\" src=\"https:\/\/chruscielowisko.org\/wp-content\/uploads\/2011\/03\/wrzeciono01_02-150x150.jpg\" class=\"attachment-thumbnail size-thumbnail\" alt=\"rekonstrukcja\" aria-describedby=\"gallery-1-228\" srcset=\"https:\/\/chruscielowisko.org\/wp-content\/uploads\/2011\/03\/wrzeciono01_02-150x150.jpg 150w, https:\/\/chruscielowisko.org\/wp-content\/uploads\/2011\/03\/wrzeciono01_02-300x300.jpg 300w, https:\/\/chruscielowisko.org\/wp-content\/uploads\/2011\/03\/wrzeciono01_02.jpg 576w\" sizes=\"auto, (max-width: 150px) 100vw, 150px\" \/><\/a>\n\t\t\t<\/div>\n\t\t\t\t<figcaption class='wp-caption-text gallery-caption' id='gallery-1-228'>\n\t\t\t\trekonstrukcja\n\t\t\t\t<\/figcaption><\/figure><figure class='gallery-item'>\n\t\t\t<div class='gallery-icon landscape'>\n\t\t\t\t<a href='https:\/\/chruscielowisko.org\/wp-content\/uploads\/2011\/03\/wrzeciono01_03.jpg'><img loading=\"lazy\" decoding=\"async\" width=\"150\" height=\"150\" src=\"https:\/\/chruscielowisko.org\/wp-content\/uploads\/2011\/03\/wrzeciono01_03-150x150.jpg\" class=\"attachment-thumbnail size-thumbnail\" alt=\"rekonstrukcja\" aria-describedby=\"gallery-1-229\" srcset=\"https:\/\/chruscielowisko.org\/wp-content\/uploads\/2011\/03\/wrzeciono01_03-150x150.jpg 150w, https:\/\/chruscielowisko.org\/wp-content\/uploads\/2011\/03\/wrzeciono01_03-300x300.jpg 300w, https:\/\/chruscielowisko.org\/wp-content\/uploads\/2011\/03\/wrzeciono01_03.jpg 576w\" sizes=\"auto, (max-width: 150px) 100vw, 150px\" \/><\/a>\n\t\t\t<\/div>\n\t\t\t\t<figcaption class='wp-caption-text gallery-caption' id='gallery-1-229'>\n\t\t\t\trekonstrukcja\n\t\t\t\t<\/figcaption><\/figure><figure class='gallery-item'>\n\t\t\t<div class='gallery-icon landscape'>\n\t\t\t\t<a href='https:\/\/chruscielowisko.org\/wp-content\/uploads\/2011\/03\/wrzeciono02_01.jpg'><img loading=\"lazy\" decoding=\"async\" width=\"150\" height=\"150\" src=\"https:\/\/chruscielowisko.org\/wp-content\/uploads\/2011\/03\/wrzeciono02_01-150x150.jpg\" class=\"attachment-thumbnail size-thumbnail\" alt=\"wrzeciono 2 (G\u0142og\u00f3w)\" aria-describedby=\"gallery-1-230\" srcset=\"https:\/\/chruscielowisko.org\/wp-content\/uploads\/2011\/03\/wrzeciono02_01-150x150.jpg 150w, https:\/\/chruscielowisko.org\/wp-content\/uploads\/2011\/03\/wrzeciono02_01-300x300.jpg 300w, https:\/\/chruscielowisko.org\/wp-content\/uploads\/2011\/03\/wrzeciono02_01.jpg 570w\" sizes=\"auto, (max-width: 150px) 100vw, 150px\" \/><\/a>\n\t\t\t<\/div>\n\t\t\t\t<figcaption class='wp-caption-text gallery-caption' id='gallery-1-230'>\n\t\t\t\twrzeciono 2 (G\u0142og\u00f3w)<sup>2<\/sup>\n\t\t\t\t<\/figcaption><\/figure><figure class='gallery-item'>\n\t\t\t<div class='gallery-icon landscape'>\n\t\t\t\t<a href='https:\/\/chruscielowisko.org\/wp-content\/uploads\/2011\/03\/wrzeciono02_02.jpg'><img loading=\"lazy\" decoding=\"async\" width=\"150\" height=\"150\" src=\"https:\/\/chruscielowisko.org\/wp-content\/uploads\/2011\/03\/wrzeciono02_02-150x150.jpg\" class=\"attachment-thumbnail size-thumbnail\" alt=\"rekonstrukcja\" aria-describedby=\"gallery-1-231\" srcset=\"https:\/\/chruscielowisko.org\/wp-content\/uploads\/2011\/03\/wrzeciono02_02-150x150.jpg 150w, https:\/\/chruscielowisko.org\/wp-content\/uploads\/2011\/03\/wrzeciono02_02-300x300.jpg 300w, https:\/\/chruscielowisko.org\/wp-content\/uploads\/2011\/03\/wrzeciono02_02.jpg 575w\" sizes=\"auto, (max-width: 150px) 100vw, 150px\" \/><\/a>\n\t\t\t<\/div>\n\t\t\t\t<figcaption class='wp-caption-text gallery-caption' id='gallery-1-231'>\n\t\t\t\trekonstrukcja\n\t\t\t\t<\/figcaption><\/figure><figure class='gallery-item'>\n\t\t\t<div class='gallery-icon landscape'>\n\t\t\t\t<a href='https:\/\/chruscielowisko.org\/wp-content\/uploads\/2011\/03\/wrzeciono02_03.jpg'><img loading=\"lazy\" decoding=\"async\" width=\"150\" height=\"150\" src=\"https:\/\/chruscielowisko.org\/wp-content\/uploads\/2011\/03\/wrzeciono02_03-150x150.jpg\" class=\"attachment-thumbnail size-thumbnail\" alt=\"rekonstrukcja\" aria-describedby=\"gallery-1-232\" srcset=\"https:\/\/chruscielowisko.org\/wp-content\/uploads\/2011\/03\/wrzeciono02_03-150x150.jpg 150w, https:\/\/chruscielowisko.org\/wp-content\/uploads\/2011\/03\/wrzeciono02_03-300x300.jpg 300w, https:\/\/chruscielowisko.org\/wp-content\/uploads\/2011\/03\/wrzeciono02_03.jpg 574w\" sizes=\"auto, (max-width: 150px) 100vw, 150px\" \/><\/a>\n\t\t\t<\/div>\n\t\t\t\t<figcaption class='wp-caption-text gallery-caption' id='gallery-1-232'>\n\t\t\t\trekonstrukcja\n\t\t\t\t<\/figcaption><\/figure>\n\t\t<\/div>\n<\/p>\n<p><\/strong><\/p>\n<hr \/>\n<p><strong>Przypisy:<\/strong><\/p>\n<p><sup>1<\/sup> Witold Hensel, &#8220;S\u0142owia\u0144szczyzna wczesno\u015bredniowieczna&#8221;, 1987, s. 276.<\/p>\n<p><sup>2<\/sup> fotografia, autor Chru\u015bciel, wystawa &#8220;Nasze najcenniejsze&#8221;, Muzeum Archeologiczno-Historyczne w G\u0142ogowie, lipiec-grudzie\u0144 2007.<\/p>\n","protected":false},"excerpt":{"rendered":"<p>Opis zabytku Wrzeciona by\u0142a prezentowane w okresie lipiec-grudzie\u0144 2007 roku na wystawie zatytu\u0142owanej \u201cNasze najcenniejsze\u201d w Muzeum Archeologiczno-Historycznym w G\u0142ogowie w gablocie opisanej &#8220;Zabytki z grodu piastowskiego na Ostrowie Tumskim w G\u0142ogowie (X-XII w.)&#8221;. Analogiczne zabytki Wrzeciona na terenie S\u0142owia\u0144szczyzny &#8220;W\u0142\u00f3kno to prz\u0119dzono za pomoc\u0105 drewnianego iglicowatego wrzeciona obci\u0105\u017conego na\u0142o\u017conym na nie pier\u015bcieniem, tzw. prz\u0119\u015blinem&#8230;<\/p>\n","protected":false},"author":1,"featured_media":0,"parent":3922,"menu_order":0,"comment_status":"open","ping_status":"closed","template":"","meta":{"footnotes":""},"class_list":["post-223","page","type-page","status-publish","hentry"],"_links":{"self":[{"href":"https:\/\/chruscielowisko.org\/index.php?rest_route=\/wp\/v2\/pages\/223","targetHints":{"allow":["GET"]}}],"collection":[{"href":"https:\/\/chruscielowisko.org\/index.php?rest_route=\/wp\/v2\/pages"}],"about":[{"href":"https:\/\/chruscielowisko.org\/index.php?rest_route=\/wp\/v2\/types\/page"}],"author":[{"embeddable":true,"href":"https:\/\/chruscielowisko.org\/index.php?rest_route=\/wp\/v2\/users\/1"}],"replies":[{"embeddable":true,"href":"https:\/\/chruscielowisko.org\/index.php?rest_route=%2Fwp%2Fv2%2Fcomments&post=223"}],"version-history":[{"count":13,"href":"https:\/\/chruscielowisko.org\/index.php?rest_route=\/wp\/v2\/pages\/223\/revisions"}],"predecessor-version":[{"id":2178,"href":"https:\/\/chruscielowisko.org\/index.php?rest_route=\/wp\/v2\/pages\/223\/revisions\/2178"}],"up":[{"embeddable":true,"href":"https:\/\/chruscielowisko.org\/index.php?rest_route=\/wp\/v2\/pages\/3922"}],"wp:attachment":[{"href":"https:\/\/chruscielowisko.org\/index.php?rest_route=%2Fwp%2Fv2%2Fmedia&parent=223"}],"curies":[{"name":"wp","href":"https:\/\/api.w.org\/{rel}","templated":true}]}}