{"id":2041,"date":"2024-06-13T18:07:30","date_gmt":"2024-06-13T19:07:30","guid":{"rendered":"https:\/\/chruscielowisko.dzwiek.org\/?page_id=2041"},"modified":"2026-04-01T18:00:26","modified_gmt":"2026-04-01T16:00:26","slug":"wydarzenia","status":"publish","type":"page","link":"https:\/\/chruscielowisko.org\/?page_id=2041","title":{"rendered":"\u017ar\u00f3d\u0142a pisane"},"content":{"rendered":"<p>W tym dziale \u017ar\u00f3d\u0142a wymieniaj\u0105ce Dziadoszan opisuj\u0119.<\/p>\n<ul>\n<li><a href=\"https:\/\/chruscielowisko.org\/?page_id=2103\">Geograf Bawarski<\/a><\/li>\n<li><a href=\"https:\/\/chruscielowisko.org\/?page_id=2027\">dokument cesarza Ottona I<\/a>\n<ul>\n<li><a href=\"https:\/\/chruscielowisko.org\/?page_id=2049\">bulla Jana XIII<\/a><\/li>\n<\/ul>\n<\/li>\n<li><a href=\"https:\/\/chruscielowisko.org\/?page_id=2070\">Kronika Thietmara<\/a><\/li>\n<li><a href=\"https:\/\/chruscielowisko.org\/?page_id=2194\">Dokument praski<\/a><\/li>\n<\/ul>\n","protected":false},"excerpt":{"rendered":"<p>W tym dziale \u017ar\u00f3d\u0142a wymieniaj\u0105ce Dziadoszan opisuj\u0119. Geograf Bawarski dokument cesarza Ottona I bulla Jana XIII Kronika Thietmara Dokument praski<\/p>\n","protected":false},"author":1,"featured_media":0,"parent":0,"menu_order":0,"comment_status":"open","ping_status":"closed","template":"","meta":{"footnotes":""},"class_list":["post-2041","page","type-page","status-publish","hentry"],"_links":{"self":[{"href":"https:\/\/chruscielowisko.org\/index.php?rest_route=\/wp\/v2\/pages\/2041","targetHints":{"allow":["GET"]}}],"collection":[{"href":"https:\/\/chruscielowisko.org\/index.php?rest_route=\/wp\/v2\/pages"}],"about":[{"href":"https:\/\/chruscielowisko.org\/index.php?rest_route=\/wp\/v2\/types\/page"}],"author":[{"embeddable":true,"href":"https:\/\/chruscielowisko.org\/index.php?rest_route=\/wp\/v2\/users\/1"}],"replies":[{"embeddable":true,"href":"https:\/\/chruscielowisko.org\/index.php?rest_route=%2Fwp%2Fv2%2Fcomments&post=2041"}],"version-history":[{"count":6,"href":"https:\/\/chruscielowisko.org\/index.php?rest_route=\/wp\/v2\/pages\/2041\/revisions"}],"predecessor-version":[{"id":5093,"href":"https:\/\/chruscielowisko.org\/index.php?rest_route=\/wp\/v2\/pages\/2041\/revisions\/5093"}],"wp:attachment":[{"href":"https:\/\/chruscielowisko.org\/index.php?rest_route=%2Fwp%2Fv2%2Fmedia&parent=2041"}],"curies":[{"name":"wp","href":"https:\/\/api.w.org\/{rel}","templated":true}]}}