{"id":180,"date":"2011-03-02T13:39:00","date_gmt":"2011-03-02T14:39:00","guid":{"rendered":"http:\/\/chruscielowisko.dzwiek.org\/?page_id=180"},"modified":"2025-12-15T14:39:58","modified_gmt":"2025-12-15T12:39:58","slug":"szpula-z-zukowic-kolo-glogowa","status":"publish","type":"page","link":"https:\/\/chruscielowisko.org\/?page_id=180","title":{"rendered":"szpula z \u017bukowic ko\u0142o G\u0142ogowa"},"content":{"rendered":"<p><strong>Opis zabytku<\/strong><\/p>\n<p>Szpul\u0119 wypatrzy\u0142em na wystawie sta\u0142ej w Arsenale Miejskim we Wroc\u0142awiu. Legenda gabloty, w kt\u00f3rej by\u0142a eksponowana, g\u0142osi\u0142a: &#8220;12. \u017bukowice pow. g\u0142ogowski, szpula (M.G.)&#8221;.<\/p>\n<p><strong>Zdj\u0119cia i rysunki<\/strong><br \/>\n<div id='gallery-1' class='gallery galleryid-180 gallery-columns-3 gallery-size-thumbnail'><figure class='gallery-item'>\n\t\t\t<div class='gallery-icon landscape'>\n\t\t\t\t<a href='https:\/\/chruscielowisko.org\/wp-content\/uploads\/2011\/03\/szpula01_01.jpg'><img loading=\"lazy\" decoding=\"async\" width=\"150\" height=\"150\" src=\"https:\/\/chruscielowisko.org\/wp-content\/uploads\/2011\/03\/szpula01_01-150x150.jpg\" class=\"attachment-thumbnail size-thumbnail\" alt=\"szpula (\u017bukowice)\" aria-describedby=\"gallery-1-184\" srcset=\"https:\/\/chruscielowisko.org\/wp-content\/uploads\/2011\/03\/szpula01_01-150x150.jpg 150w, https:\/\/chruscielowisko.org\/wp-content\/uploads\/2011\/03\/szpula01_01-300x300.jpg 300w, https:\/\/chruscielowisko.org\/wp-content\/uploads\/2011\/03\/szpula01_01.jpg 575w\" sizes=\"auto, (max-width: 150px) 100vw, 150px\" \/><\/a>\n\t\t\t<\/div>\n\t\t\t\t<figcaption class='wp-caption-text gallery-caption' id='gallery-1-184'>\n\t\t\t\tszpula (\u017bukowice) <sup>1<\/sup>\n\t\t\t\t<\/figcaption><\/figure><figure class='gallery-item'>\n\t\t\t<div class='gallery-icon landscape'>\n\t\t\t\t<a href='https:\/\/chruscielowisko.org\/wp-content\/uploads\/2011\/03\/szpula01_02.jpg'><img loading=\"lazy\" decoding=\"async\" width=\"150\" height=\"150\" src=\"https:\/\/chruscielowisko.org\/wp-content\/uploads\/2011\/03\/szpula01_02-150x150.jpg\" class=\"attachment-thumbnail size-thumbnail\" alt=\"rekonstrukcja\" aria-describedby=\"gallery-1-185\" srcset=\"https:\/\/chruscielowisko.org\/wp-content\/uploads\/2011\/03\/szpula01_02-150x150.jpg 150w, https:\/\/chruscielowisko.org\/wp-content\/uploads\/2011\/03\/szpula01_02-300x300.jpg 300w, https:\/\/chruscielowisko.org\/wp-content\/uploads\/2011\/03\/szpula01_02.jpg 576w\" sizes=\"auto, (max-width: 150px) 100vw, 150px\" \/><\/a>\n\t\t\t<\/div>\n\t\t\t\t<figcaption class='wp-caption-text gallery-caption' id='gallery-1-185'>\n\t\t\t\trekonstrukcja\n\t\t\t\t<\/figcaption><\/figure><figure class='gallery-item'>\n\t\t\t<div class='gallery-icon landscape'>\n\t\t\t\t<a href='https:\/\/chruscielowisko.org\/wp-content\/uploads\/2011\/03\/szpula01_03.jpg'><img loading=\"lazy\" decoding=\"async\" width=\"150\" height=\"150\" src=\"https:\/\/chruscielowisko.org\/wp-content\/uploads\/2011\/03\/szpula01_03-150x150.jpg\" class=\"attachment-thumbnail size-thumbnail\" alt=\"rekonstrukcja\" aria-describedby=\"gallery-1-186\" srcset=\"https:\/\/chruscielowisko.org\/wp-content\/uploads\/2011\/03\/szpula01_03-150x150.jpg 150w, https:\/\/chruscielowisko.org\/wp-content\/uploads\/2011\/03\/szpula01_03-300x300.jpg 300w, https:\/\/chruscielowisko.org\/wp-content\/uploads\/2011\/03\/szpula01_03.jpg 572w\" sizes=\"auto, (max-width: 150px) 100vw, 150px\" \/><\/a>\n\t\t\t<\/div>\n\t\t\t\t<figcaption class='wp-caption-text gallery-caption' id='gallery-1-186'>\n\t\t\t\trekonstrukcja\n\t\t\t\t<\/figcaption><\/figure>\n\t\t<\/div>\n<\/p>\n<p><strong>Rekonstrukcje<\/strong><\/p>\n<p>Zrekonstruowana szpula zosta\u0142a wykonana na zlecenie Ekomuzeum &#8220;Dziadoszan&#8221; w Wietszycach i wesz\u0142a w sk\u0142ad jego sta\u0142ej wystawy.<\/p>\n<hr \/>\n<p><strong>Przypisy:<\/strong><\/p>\n<p><sup>1<\/sup> fotografia, autor Chru\u015bciel, wystawa sta\u0142a &#8220;\u015al\u0105sk \u015bredniowieczny&#8221;, Muzeum Miejskie Wroc\u0142awia oddzia\u0142 Muzeum Archeologiczne.<\/p>\n","protected":false},"excerpt":{"rendered":"<p>Opis zabytku Szpul\u0119 wypatrzy\u0142em na wystawie sta\u0142ej w Arsenale Miejskim we Wroc\u0142awiu. Legenda gabloty, w kt\u00f3rej by\u0142a eksponowana, g\u0142osi\u0142a: &#8220;12. \u017bukowice pow. g\u0142ogowski, szpula (M.G.)&#8221;. Zdj\u0119cia i rysunki Rekonstrukcje Zrekonstruowana szpula zosta\u0142a wykonana na zlecenie Ekomuzeum &#8220;Dziadoszan&#8221; w Wietszycach i wesz\u0142a w sk\u0142ad jego sta\u0142ej wystawy. Przypisy: 1 fotografia, autor Chru\u015bciel, wystawa sta\u0142a &#8220;\u015al\u0105sk \u015bredniowieczny&#8221;,&#8230;<\/p>\n","protected":false},"author":1,"featured_media":0,"parent":3922,"menu_order":0,"comment_status":"open","ping_status":"closed","template":"","meta":{"footnotes":""},"class_list":["post-180","page","type-page","status-publish","hentry"],"_links":{"self":[{"href":"https:\/\/chruscielowisko.org\/index.php?rest_route=\/wp\/v2\/pages\/180","targetHints":{"allow":["GET"]}}],"collection":[{"href":"https:\/\/chruscielowisko.org\/index.php?rest_route=\/wp\/v2\/pages"}],"about":[{"href":"https:\/\/chruscielowisko.org\/index.php?rest_route=\/wp\/v2\/types\/page"}],"author":[{"embeddable":true,"href":"https:\/\/chruscielowisko.org\/index.php?rest_route=\/wp\/v2\/users\/1"}],"replies":[{"embeddable":true,"href":"https:\/\/chruscielowisko.org\/index.php?rest_route=%2Fwp%2Fv2%2Fcomments&post=180"}],"version-history":[{"count":13,"href":"https:\/\/chruscielowisko.org\/index.php?rest_route=\/wp\/v2\/pages\/180\/revisions"}],"predecessor-version":[{"id":2174,"href":"https:\/\/chruscielowisko.org\/index.php?rest_route=\/wp\/v2\/pages\/180\/revisions\/2174"}],"up":[{"embeddable":true,"href":"https:\/\/chruscielowisko.org\/index.php?rest_route=\/wp\/v2\/pages\/3922"}],"wp:attachment":[{"href":"https:\/\/chruscielowisko.org\/index.php?rest_route=%2Fwp%2Fv2%2Fmedia&parent=180"}],"curies":[{"name":"wp","href":"https:\/\/api.w.org\/{rel}","templated":true}]}}