{"id":174,"date":"2011-03-02T13:21:05","date_gmt":"2011-03-02T14:21:05","guid":{"rendered":"http:\/\/chruscielowisko.dzwiek.org\/?page_id=174"},"modified":"2025-12-15T14:39:49","modified_gmt":"2025-12-15T12:39:49","slug":"piec-z-kremitz","status":"publish","type":"page","link":"https:\/\/chruscielowisko.org\/?page_id=174","title":{"rendered":"piec z Kremitz"},"content":{"rendered":"<p><small><small><i>opublikowano:<\/i> 2011-03-02<i>, ostatnia aktualizacja:<\/i> 2011-03-02<\/small><\/small><\/p>\n<p><strong>Opis zabytku<\/strong><\/p>\n<p>&#8220;Wypa\u0142u dokonywano w piecach zapewne komorowych (ryc. 23), w atmosferze na og\u00f3\u0142 nier\u00f3wnomiernej &#8211; cz\u0119\u015bciowo redukcyjnej, cz\u0119\u015bciowo utleniaj\u0105cej.&#8221;<sup>1<\/sup><\/p>\n<p><strong>Analogiczne zabytki<\/strong><\/p>\n<p>Piece dwukomorowe z pionowym ci\u0105giem ognia:<sup>2<\/sup><\/p>\n<ul>\n<li>Przemy\u015bl (XI &#8211; XIII w. lub do po\u0142. XIV w.),<\/li>\n<li>St\u0119bark (do drugirj po\u0142owy XV w.),<\/li>\n<li>Stary Dzierzgo\u0144 (&#8220;z okresu krzy\u017cackiego&#8221;),<\/li>\n<li>Warszawa (koniec XVII w.),<\/li>\n<li>grodzisko Lupka w Nitrze (koniec IX w. i pocz\u0105tek X w.),<\/li>\n<li>\u017belechovce okr. Olomouc (koniec XI w. i pocz\u0105tek XII w.),<\/li>\n<li>Staraja Rjaza\u0144 (XII &#8211; XIII w.),<\/li>\n<li>Wszczi\u017ce (XII &#8211; XIII w.),<\/li>\n<li>grodzisko rajkowieckie (XII &#8211; XIII w.),<\/li>\n<li>B\u00e9ndek (druga po\u0142owa XI w.),<\/li>\n<li>grodzisko donieckie,<\/li>\n<li>Serkel,<\/li>\n<li>Krom\u011bri\u017ci (druga po\u0142owa XIV w.),<\/li>\n<li>Weimar (XIII &#8211; XIV w.),<\/li>\n<li>Suczawa (XV w.),<\/li>\n<li>Coconi (XV w.).<\/li>\n<\/ul>\n<p><strong>Zdj\u0119cia i rysunki<\/strong><\/p>\n<p><div id='gallery-1' class='gallery galleryid-174 gallery-columns-2 gallery-size-thumbnail'><figure class='gallery-item'>\n\t\t\t<div class='gallery-icon landscape'>\n\t\t\t\t<a href='https:\/\/chruscielowisko.org\/wp-content\/uploads\/2011\/03\/piec01_01.jpg'><img loading=\"lazy\" decoding=\"async\" width=\"150\" height=\"150\" src=\"https:\/\/chruscielowisko.org\/wp-content\/uploads\/2011\/03\/piec01_01-150x150.jpg\" class=\"attachment-thumbnail size-thumbnail\" alt=\"piec (Kremitz)\" aria-describedby=\"gallery-1-175\" srcset=\"https:\/\/chruscielowisko.org\/wp-content\/uploads\/2011\/03\/piec01_01-150x150.jpg 150w, https:\/\/chruscielowisko.org\/wp-content\/uploads\/2011\/03\/piec01_01-300x300.jpg 300w, https:\/\/chruscielowisko.org\/wp-content\/uploads\/2011\/03\/piec01_01.jpg 570w\" sizes=\"auto, (max-width: 150px) 100vw, 150px\" \/><\/a>\n\t\t\t<\/div>\n\t\t\t\t<figcaption class='wp-caption-text gallery-caption' id='gallery-1-175'>\n\t\t\t\tpiec (Kremitz) <sup>3<\/sup>\n\t\t\t\t<\/figcaption><\/figure><figure class='gallery-item'>\n\t\t\t<div class='gallery-icon landscape'>\n\t\t\t\t<a href='https:\/\/chruscielowisko.org\/wp-content\/uploads\/2011\/03\/piec01_03.jpg'><img loading=\"lazy\" decoding=\"async\" width=\"150\" height=\"150\" src=\"https:\/\/chruscielowisko.org\/wp-content\/uploads\/2011\/03\/piec01_03-150x150.jpg\" class=\"attachment-thumbnail size-thumbnail\" alt=\"rekonstrukcja\" aria-describedby=\"gallery-1-177\" srcset=\"https:\/\/chruscielowisko.org\/wp-content\/uploads\/2011\/03\/piec01_03-150x150.jpg 150w, https:\/\/chruscielowisko.org\/wp-content\/uploads\/2011\/03\/piec01_03-300x300.jpg 300w, https:\/\/chruscielowisko.org\/wp-content\/uploads\/2011\/03\/piec01_03.jpg 570w\" sizes=\"auto, (max-width: 150px) 100vw, 150px\" \/><\/a>\n\t\t\t<\/div>\n\t\t\t\t<figcaption class='wp-caption-text gallery-caption' id='gallery-1-177'>\n\t\t\t\trekonstrukcja (widok z g\u00f3ry jeszcze w trakcie wylepiania)\n\t\t\t\t<\/figcaption><\/figure>\n\t\t<\/div>\n<br \/>\n<div id='gallery-2' class='gallery galleryid-174 gallery-columns-2 gallery-size-thumbnail'><figure class='gallery-item'>\n\t\t\t<div class='gallery-icon portrait'>\n\t\t\t\t<a href='https:\/\/chruscielowisko.org\/wp-content\/uploads\/2011\/03\/piec01_02.jpg'><img loading=\"lazy\" decoding=\"async\" width=\"150\" height=\"150\" src=\"https:\/\/chruscielowisko.org\/wp-content\/uploads\/2011\/03\/piec01_02-150x150.jpg\" class=\"attachment-thumbnail size-thumbnail\" alt=\"rekonstrukcja\" aria-describedby=\"gallery-2-176\" srcset=\"https:\/\/chruscielowisko.org\/wp-content\/uploads\/2011\/03\/piec01_02-150x150.jpg 150w, https:\/\/chruscielowisko.org\/wp-content\/uploads\/2011\/03\/piec01_02-300x300.jpg 300w, https:\/\/chruscielowisko.org\/wp-content\/uploads\/2011\/03\/piec01_02.jpg 570w\" sizes=\"auto, (max-width: 150px) 100vw, 150px\" \/><\/a>\n\t\t\t<\/div>\n\t\t\t\t<figcaption class='wp-caption-text gallery-caption' id='gallery-2-176'>\n\t\t\t\trekonstrukcja (widok od frontu)\n\t\t\t\t<\/figcaption><\/figure><figure class='gallery-item'>\n\t\t\t<div class='gallery-icon portrait'>\n\t\t\t\t<a href='https:\/\/chruscielowisko.org\/wp-content\/uploads\/2009\/03\/piec_kremitz.jpg'><img loading=\"lazy\" decoding=\"async\" width=\"150\" height=\"150\" src=\"https:\/\/chruscielowisko.org\/wp-content\/uploads\/2009\/03\/piec_kremitz-150x150.jpg\" class=\"attachment-thumbnail size-thumbnail\" alt=\"rekonstrukcja pieca z Kremitz\" aria-describedby=\"gallery-2-283\" \/><\/a>\n\t\t\t<\/div>\n\t\t\t\t<figcaption class='wp-caption-text gallery-caption' id='gallery-2-283'>\n\t\t\t\trekonstrukcja (pierwszy wypa\u0142)\n\t\t\t\t<\/figcaption><\/figure>\n\t\t<\/div>\n<\/p>\n<hr \/>\n<p><strong>Przypisy:<\/strong><\/p>\n<p><sup>1<\/sup> Leciejewicz 1989, s. 83.<\/p>\n<p><sup>2<\/sup> Kwapieniowa Maria, Wa\u0142owy Alina, &#8220;Piece garncarskie w \u015bwietle bada\u0144 archeologicznych&#8221;, Materia\u0142y Archeologiczne, t. X, 1969, s. 209-214.<\/p>\n<p><sup>3<\/sup> Leciejewicz 1989, Ryc. 23, s. 84.<\/p>\n","protected":false},"excerpt":{"rendered":"<p>opublikowano: 2011-03-02, ostatnia aktualizacja: 2011-03-02 Opis zabytku &#8220;Wypa\u0142u dokonywano w piecach zapewne komorowych (ryc. 23), w atmosferze na og\u00f3\u0142 nier\u00f3wnomiernej &#8211; cz\u0119\u015bciowo redukcyjnej, cz\u0119\u015bciowo utleniaj\u0105cej.&#8221;1 Analogiczne zabytki Piece dwukomorowe z pionowym ci\u0105giem ognia:2 Przemy\u015bl (XI &#8211; XIII w. lub do po\u0142. XIV w.), St\u0119bark (do drugirj po\u0142owy XV w.), Stary Dzierzgo\u0144 (&#8220;z okresu krzy\u017cackiego&#8221;), Warszawa&#8230;<\/p>\n","protected":false},"author":1,"featured_media":0,"parent":3136,"menu_order":0,"comment_status":"open","ping_status":"closed","template":"","meta":{"footnotes":""},"class_list":["post-174","page","type-page","status-publish","hentry"],"_links":{"self":[{"href":"https:\/\/chruscielowisko.org\/index.php?rest_route=\/wp\/v2\/pages\/174","targetHints":{"allow":["GET"]}}],"collection":[{"href":"https:\/\/chruscielowisko.org\/index.php?rest_route=\/wp\/v2\/pages"}],"about":[{"href":"https:\/\/chruscielowisko.org\/index.php?rest_route=\/wp\/v2\/types\/page"}],"author":[{"embeddable":true,"href":"https:\/\/chruscielowisko.org\/index.php?rest_route=\/wp\/v2\/users\/1"}],"replies":[{"embeddable":true,"href":"https:\/\/chruscielowisko.org\/index.php?rest_route=%2Fwp%2Fv2%2Fcomments&post=174"}],"version-history":[{"count":11,"href":"https:\/\/chruscielowisko.org\/index.php?rest_route=\/wp\/v2\/pages\/174\/revisions"}],"predecessor-version":[{"id":3207,"href":"https:\/\/chruscielowisko.org\/index.php?rest_route=\/wp\/v2\/pages\/174\/revisions\/3207"}],"up":[{"embeddable":true,"href":"https:\/\/chruscielowisko.org\/index.php?rest_route=\/wp\/v2\/pages\/3136"}],"wp:attachment":[{"href":"https:\/\/chruscielowisko.org\/index.php?rest_route=%2Fwp%2Fv2%2Fmedia&parent=174"}],"curies":[{"name":"wp","href":"https:\/\/api.w.org\/{rel}","templated":true}]}}