{"id":1387,"date":"2022-12-20T22:17:26","date_gmt":"2022-12-20T23:17:26","guid":{"rendered":"http:\/\/chruscielowisko.dzwiek.org\/?page_id=1387"},"modified":"2025-12-15T14:39:49","modified_gmt":"2025-12-15T12:39:49","slug":"noz-z-obiszowa","status":"publish","type":"page","link":"https:\/\/chruscielowisko.org\/?page_id=1387","title":{"rendered":"n\u00f3\u017c z Obiszowa"},"content":{"rendered":"<p><small><small><i>opublikowano:<\/i> 2022-12-20<i>, ostatnia aktualizacja:<\/i> 2023-09-22<\/small><\/small><\/p>\n<p><strong>Opis zabytku<\/strong><\/p>\n<p>\u017belazny n\u00f3\u017c z kolcem do osadzenia r\u0119koje\u015bci zosta\u0142 odnaleziony w zasypisku budynku z tzw. korytarzykiem wej\u015bciowym w Obiszowie w 1998 roku (obiekt 21, wykop V\/98, stan. 9).<sup>1<\/sup><\/p>\n<p><span style=\"text-decoration: underline;\">Rekonstrukcja<\/span><\/p>\n<p>Sk\u0105pa ilo\u015b\u0107 informacji na temat zabytku nie pozwala stwiedzi\u0107 nic poza kszta\u0142tem, wymiarami i tym, \u017ce widoczny na rysunku przekr\u00f3j poprzeczny ostrza w 1\/3 d\u0142ugo\u015bci wydaje si\u0119 by\u0107 niesymetryczny. By\u0107 mo\u017ce jest to efekt jednostronnego kucia ostrza, niemniej efekt ten nie zosta\u0142 uwzgl\u0119dniony w rekonstrukcji.<\/p>\n<p>D\u0142ugo\u015b\u0107 r\u0119koje\u015bci zosta\u0142a ustalona na podstawie zdobionego drewnianego trzonka z Opola. Kszta\u0142t przekroju poprzecznego r\u0119koj\u0119\u015bci odbiega od owalnego wzorca, zdecydowanie przypominaj\u0105c bardziej prostok\u0105t o zaokr\u0105glonych rogach.<sup>2<\/sup> Na d\u0105b zdecydowa\u0142em si\u0119 na podstawie jednego z zabytku z cmentarzyska w Sowinkach (gr\u00f3b nr 3) datowanego na okres 2. po\u0142. X w. &#8211; pocz\u0105tek XII w.<sup>3<\/sup><\/p>\n<p>Pochewka wzorowana jest na zabytku z Opola (nr. inv. 1292\/55, ar 440, warstwa E<sub>II<\/sub> &#8211; 1 \u0107w. XI w.) utworzonym z prostok\u0105tnego p\u0142ata z\u0142o\u017conej na p\u00f3\u0142 sk\u00f3ry. Wzd\u0142u\u017c d\u0142u\u017cszego boku sk\u00f3ra po\u0142\u0105czona jest rzemieniem przewlekanym przez r\u00f3wnoleg\u0142e naci\u0119cia tworz\u0105c \u015bcieg prosty. Szew oddalony jest od kraw\u0119dzi sk\u00f3ry do\u015b\u0107 znacznie, bo ok. 1 cm. Sk\u00f3ra zachowuje kszta\u0142t lekko zw\u0119\u017caj\u0105cego si\u0119 prostok\u0105ta, pomimo i\u017c sam szew \u0142ukowato skr\u0119ca w kierunku grzbietu z\u0142o\u017cenia sk\u00f3ry otaczaj\u0105c ko\u0144c\u00f3wk\u0119 ostrza no\u017ca tak jak to jest widoczne na wzorowanym zabytku.<sup>4,5<\/sup> Dwa pod\u0142u\u017cne naci\u0119cia s\u0142u\u017c\u0105ce do przewleczenia rzemienia do mocowania do paska odwzorowa\u0142em z pochewki z Uj\u015bcia. Znaleziono j\u0105 na majdanie grodu w poziomie datowanym na schy\u0142ek 3. \u0107wierci X stulecia.<sup>6<\/sup><\/p>\n<p>Rekonstrukcj\u0119 no\u017ca wraz z r\u0119koje\u015bci\u0105 wykona\u0142 Adam Gutowski u\u017cywaj\u0105c \u017celaza, stali spr\u0119\u017cynowej oraz d\u0119biny, pochewk\u0119 zrobi\u0142em ja ze sk\u00f3ry utwardzonej woskiem.<\/p>\n<p><strong>Zdj\u0119cia i rysunk<\/strong><strong>i<\/strong><\/p>\n<div id='gallery-1' class='gallery galleryid-1387 gallery-columns-3 gallery-size-thumbnail'><figure class='gallery-item'>\n\t\t\t<div class='gallery-icon landscape'>\n\t\t\t\t<a href='https:\/\/chruscielowisko.org\/wp-content\/uploads\/2022\/12\/nozobi001_01.jpg'><img loading=\"lazy\" decoding=\"async\" width=\"150\" height=\"150\" src=\"https:\/\/chruscielowisko.org\/wp-content\/uploads\/2022\/12\/nozobi001_01-150x150.jpg\" class=\"attachment-thumbnail size-thumbnail\" alt=\"\" aria-describedby=\"gallery-1-1390\" \/><\/a>\n\t\t\t<\/div>\n\t\t\t\t<figcaption class='wp-caption-text gallery-caption' id='gallery-1-1390'>\n\t\t\t\tn\u00f3\u017c z Obiszowa<sup>1<\/sup>\n\t\t\t\t<\/figcaption><\/figure><figure class='gallery-item'>\n\t\t\t<div class='gallery-icon portrait'>\n\t\t\t\t<a href='https:\/\/chruscielowisko.org\/wp-content\/uploads\/2023\/09\/pocopo001_01_1.jpg'><img loading=\"lazy\" decoding=\"async\" width=\"150\" height=\"150\" src=\"https:\/\/chruscielowisko.org\/wp-content\/uploads\/2023\/09\/pocopo001_01_1-150x150.jpg\" class=\"attachment-thumbnail size-thumbnail\" alt=\"\" aria-describedby=\"gallery-1-1643\" \/><\/a>\n\t\t\t<\/div>\n\t\t\t\t<figcaption class='wp-caption-text gallery-caption' id='gallery-1-1643'>\n\t\t\t\tpochewka z Opola<sup>4,5<\/sup>\n\t\t\t\t<\/figcaption><\/figure><figure class='gallery-item'>\n\t\t\t<div class='gallery-icon landscape'>\n\t\t\t\t<a href='https:\/\/chruscielowisko.org\/wp-content\/uploads\/2024\/10\/pochewka_Ujscie_01_01.jpg'><img loading=\"lazy\" decoding=\"async\" width=\"150\" height=\"150\" src=\"https:\/\/chruscielowisko.org\/wp-content\/uploads\/2024\/10\/pochewka_Ujscie_01_01-150x150.jpg\" class=\"attachment-thumbnail size-thumbnail\" alt=\"\" aria-describedby=\"gallery-1-2829\" \/><\/a>\n\t\t\t<\/div>\n\t\t\t\t<figcaption class='wp-caption-text gallery-caption' id='gallery-1-2829'>\n\t\t\t\tpochewka z Uj\u015bcia<sup>6<\/sup>\n\t\t\t\t<\/figcaption><\/figure>\n\t\t<\/div>\n\n<p>&nbsp;<\/p>\n<div id='gallery-2' class='gallery galleryid-1387 gallery-columns-2 gallery-size-thumbnail'><figure class='gallery-item'>\n\t\t\t<div class='gallery-icon landscape'>\n\t\t\t\t<a href='https:\/\/chruscielowisko.org\/wp-content\/uploads\/2022\/12\/n\u00f3\u017c_Obisz\u00f3w_rekonstrukcja_01.jpg'><img loading=\"lazy\" decoding=\"async\" width=\"150\" height=\"150\" src=\"https:\/\/chruscielowisko.org\/wp-content\/uploads\/2022\/12\/n\u00f3\u017c_Obisz\u00f3w_rekonstrukcja_01-150x150.jpg\" class=\"attachment-thumbnail size-thumbnail\" alt=\"\" aria-describedby=\"gallery-2-1393\" \/><\/a>\n\t\t\t<\/div>\n\t\t\t\t<figcaption class='wp-caption-text gallery-caption' id='gallery-2-1393'>\n\t\t\t\trekonstrukcja no\u017ca\n\t\t\t\t<\/figcaption><\/figure><figure class='gallery-item'>\n\t\t\t<div class='gallery-icon landscape'>\n\t\t\t\t<a href='https:\/\/chruscielowisko.org\/wp-content\/uploads\/2022\/12\/n\u00f3\u017c_Obisz\u00f3w_rekonstrukcja_02.jpg'><img loading=\"lazy\" decoding=\"async\" width=\"150\" height=\"150\" src=\"https:\/\/chruscielowisko.org\/wp-content\/uploads\/2022\/12\/n\u00f3\u017c_Obisz\u00f3w_rekonstrukcja_02-150x150.jpg\" class=\"attachment-thumbnail size-thumbnail\" alt=\"\" aria-describedby=\"gallery-2-1394\" \/><\/a>\n\t\t\t<\/div>\n\t\t\t\t<figcaption class='wp-caption-text gallery-caption' id='gallery-2-1394'>\n\t\t\t\trekonstrukcja no\u017ca\n\t\t\t\t<\/figcaption><\/figure>\n\t\t<\/div>\n\n<hr \/>\n<p><small><strong>Przypisy (patrz dzia\u0142 <a href=\"https:\/\/chruscielowisko.org\/?page_id=36\">Literatura<\/a>):<\/strong><\/small><br \/>\n<small><sup>1<\/sup> Baron et al. 1999, s. 275, Ryc. 5:b;<\/small><\/p>\n<p><small><strong>Przypisy inne:<\/strong><\/small><br \/>\n<small><sup>2<\/sup> Ho\u0142ubowicz W\u0142odzimierz, &#8216;Opole w wiekach X-XII&#8217;, Katowice 1956, s. 317, Rys. 139:1;<\/small><br \/>\n<small><sup>3<\/sup> Krzysztowski Andrzej, &#8216;No\u017ce z wczesno\u015bredniowiecznego cmentarzyska w Sowinkach pod Poznaniem &#8211; ze studi\u00f3w nad typologi\u0105 i technikami kowalskimi&#8217;, [w:] &#8216;Slavia Antiqua&#8217;, t. LXII, s. 304-348, Pozna\u0144 2019, s. 318;<\/small><br \/>\n<small><sup>4<\/sup> Bukowska-Gedigowa, Gediga Bogus\u0142aw, &#8216;Wczesno\u015bredniowieczny gr\u00f3d na Ostr\u00f3wku w Opolu&#8217;, Wroc\u0142aw, 1986, Ryc. 24:3;<\/small><br \/>\n<small><sup>5<\/sup> Ho\u0142ubowicz W\u0142odzimierz, &#8216;Z bada\u0144 na Ostr\u00f3wku w Opolu w 1955&#8217;, [w:] &#8216;Sprawozdania Archeologiczne&#8217;, t.III, s. 204-223, Krak\u00f3w 1957, Ryc.1:4;<\/small><br \/>\n<small><sup>6<\/sup> Kowalska Anna B., &#8216;\u015aredniowieczne sk\u00f3rnictwo z pogranicza Wielkopolski i Pomorza w \u015bwietle znalezisk z Uj\u015bcia&#8217; [w:] &#8216;Materia\u0142y Zachodniopomorskie. Nowa Seria&#8217;, t. XIII, s. 145\u2013174, Szczecin 2017, s. 153, Ryc. 9.1.<\/small><\/p>\n","protected":false},"excerpt":{"rendered":"<p>opublikowano: 2022-12-20, ostatnia aktualizacja: 2023-09-22 Opis zabytku \u017belazny n\u00f3\u017c z kolcem do osadzenia r\u0119koje\u015bci zosta\u0142 odnaleziony w zasypisku budynku z tzw. korytarzykiem wej\u015bciowym w Obiszowie w 1998 roku (obiekt 21, wykop V\/98, stan. 9).1 Rekonstrukcja Sk\u0105pa ilo\u015b\u0107 informacji na temat zabytku nie pozwala stwiedzi\u0107 nic poza kszta\u0142tem, wymiarami i tym, \u017ce widoczny na rysunku przekr\u00f3j&#8230;<\/p>\n","protected":false},"author":1,"featured_media":0,"parent":3920,"menu_order":0,"comment_status":"open","ping_status":"closed","template":"","meta":{"footnotes":""},"class_list":["post-1387","page","type-page","status-publish","hentry"],"_links":{"self":[{"href":"https:\/\/chruscielowisko.org\/index.php?rest_route=\/wp\/v2\/pages\/1387","targetHints":{"allow":["GET"]}}],"collection":[{"href":"https:\/\/chruscielowisko.org\/index.php?rest_route=\/wp\/v2\/pages"}],"about":[{"href":"https:\/\/chruscielowisko.org\/index.php?rest_route=\/wp\/v2\/types\/page"}],"author":[{"embeddable":true,"href":"https:\/\/chruscielowisko.org\/index.php?rest_route=\/wp\/v2\/users\/1"}],"replies":[{"embeddable":true,"href":"https:\/\/chruscielowisko.org\/index.php?rest_route=%2Fwp%2Fv2%2Fcomments&post=1387"}],"version-history":[{"count":13,"href":"https:\/\/chruscielowisko.org\/index.php?rest_route=\/wp\/v2\/pages\/1387\/revisions"}],"predecessor-version":[{"id":3181,"href":"https:\/\/chruscielowisko.org\/index.php?rest_route=\/wp\/v2\/pages\/1387\/revisions\/3181"}],"up":[{"embeddable":true,"href":"https:\/\/chruscielowisko.org\/index.php?rest_route=\/wp\/v2\/pages\/3920"}],"wp:attachment":[{"href":"https:\/\/chruscielowisko.org\/index.php?rest_route=%2Fwp%2Fv2%2Fmedia&parent=1387"}],"curies":[{"name":"wp","href":"https:\/\/api.w.org\/{rel}","templated":true}]}}