{"id":1031,"date":"2020-01-21T18:25:00","date_gmt":"2020-01-21T19:25:00","guid":{"rendered":"http:\/\/chruscielowisko.dzwiek.org\/?page_id=1031"},"modified":"2025-12-15T14:39:38","modified_gmt":"2025-12-15T12:39:38","slug":"grodziec-maly","status":"publish","type":"page","link":"https:\/\/chruscielowisko.org\/?page_id=1031","title":{"rendered":"Grodziec Ma\u0142y"},"content":{"rendered":"<p><small><small><i>opublikowano:<\/i> 2020-01-21<i>, ostatnia aktualizacja:<\/i> 2020-01-21<\/small><\/small><\/p>\n<p><strong>nazwa miejscowo\u015bci<\/strong><\/p>\n<ul>\n<li>Klein Gr\u00e4ditz (do 1937 r.)<\/li>\n<li>Niederfeld (lata 1937-1945)<\/li>\n<li>Grodziec Ma\u0142y (po 1945 r.) <sup>7<\/sup><\/li>\n<\/ul>\n<p><strong>stanowiska<\/strong><\/p>\n<p>W odnotowanym badaniach powierzchniowych z 1871 r. odnaleziono m.in. ceramik\u0119 grodziskow\u0105. Przed II wojn\u0105 \u015bw. archeolodzy odkryli 2 kolejne stanowiska (w 1926 i 1938 r.). Od 1968 r. prowadzono kolejne archeologiczne badania sonda\u017cowe i powierzchniowe. Na ich podstawie wywnioskowano, \u017ce istnia\u0142 tu okr\u0119g grodowy plemienia Dziadoszan, st\u0105d prawdopodobnie wywodzi si\u0119 nazwa wsi (ma\u0142y gr\u00f3d). <sup>8<\/sup><\/p>\n<p><span style=\"text-decoration: underline;\">stanowisko 1 &#8211; gr\u00f3b szkieletowy<\/span><\/p>\n<p>Niederfeld. Oberrealschullehrer a. D. Krause und Landratsamt Glogau melden Skelettfunde mit Bernstein und Glasperlen (Slawenzeit 800-1200 n. Ch.). <sup>1<\/sup><\/p>\n<p>1. Nr 592<br \/>\n2.a. Niederfeld (do 1937 r. Klein Gr\u00e4ditz)<br \/>\n2.b. Grodziec Ma\u0142y, gm. G\u0142og\u00f3w, pow. G\u0142og\u00f3w, woj. dolno\u015bl\u0105skie<br \/>\n2.c. Stanowisko dok\u0142adnie zlokalizowane: 12B (APW: WSP\u015a, sygn. 690, s. 396; MAW: AN, sygn. MA\/A\/111, s. 39)<br \/>\n3.a. Stanowisko nr 1<br \/>\n3.b. Odkrycie: 1938<br \/>\n4.a. Gr\u00f3b szkieletowy<br \/>\n4.b. Wczesne \u015bredniowiecze<br \/>\n5. Szkielet ludzki, paciorki<br \/>\n5.a. Landesamt fur Vorgeschichte &#8211; Breslau (najpierw)<br \/>\n5.b. Z.V.1938:79,E.79:38<br \/>\n5.a. Museum &#8211; Glogau (p\u00f3\u017aniej)<br \/>\n5.b. Brak nr. inw.<br \/>\n6. APW: WSP\u015a, sygn. 690 (Kr. Glogau &#8211; Niederfrld), s. 392, 395-397<br \/>\nMAW: AN, sygn. MA\/A\/111, s. 39; sygn. MA\/A\/286<br \/>\n7. Jest dokumentacja z odkrycia (APW: WSP\u015a, sygn. 690) <sup>2<\/sup><\/p>\n<p>Stanowisko po\u0142o\u017cone jest oko\u0142o 1 km na S od wsi, z lewej strony drogi w kierunku Odry, tu\u017c pod wa\u0142em zalewowym.<br \/>\nW Muzeum Archeologicznym we Wroc\u0142awiu znajduj\u0105 si\u0119 <a href=\"https:\/\/chruscielowisko.org\/?page_id=779\">paciorki<\/a> z odkrytych w 1938 r. grob\u00f3w (lub grobu).<br \/>\nChron.: okres wczesno\u015bredniowieczny.<br \/>\nLit. AB, R. 13: 1938, s. 124; Kaczkowski 1971, s. 18. <sup>6<\/sup><\/p>\n<p><span style=\"text-decoration: underline;\">stanowisko 2 &#8211; grodzisko<\/span><\/p>\n<p>Na prawym brzegu Odry i Baryczy, naprzeciw uj\u015bcia strumyka, znajdowa\u0142 si\u0119 najstarszy gr\u00f3d g\u0142ogowski. Po\u0142o\u017cony w wida\u0142ch tych rzek od p\u00f3\u0142nocy os\u0142aniany by\u0142 przez starorzecze. Zosta\u0142 zlokalizowany w 1969 r. w ramach prowadzonych przez nas bada\u0144 nad osadnictwem wczesno\u015bredniowiecznym ziemi g\u0142ogowskiej. W tym te\u017c roku przeprowadzono badania sonda\u017cowe. Materia\u0142 ceramiczny uzyskany z niewielkiego wykopu pozwala okre\u015bli\u0107 czas funkcjonowania obiektu do oko\u0142o po\u0142owy X w. Wprawdzie w g\u00f3rnej warstwie spotyka si\u0119 materia\u0142 ceramiczny z wiek\u00f3w XI i XII, ale naszym zdaniem robi on wra\u017cenie wt\u00f3rnego i nale\u017cy go wi\u0105za\u0107 z osadnictwem otwartym, kt\u00f3re wesz\u0142o na ten teren po likwidacji grodu plemiennego. <sup>3<\/sup><\/p>\n<p>Rozpoznawcze badania przeprowadzone na terenach prawobrze\u017cnych pozwoli\u0142y zidentyfikowa\u0107 wczesno\u015bredniowieczne grodzisko na przybrze\u017cnych \u0142\u0105kach zalewowych, wydzielonych przeciwpowodziowym wa\u0142em ochronnym. Grodzisko po\u0142o\u017cone jest w pobli\u017cu wsi Grodziec, naprzeciwko g\u0142ogowskiego dworca kolejowego, na p\u00f3\u0142nocny zach\u00f3d od Ostrowia Tumskiego. Wa\u0142 obronny grodu uleg\u0142 rozmyciu przez wody powodziowe Odry, ale wystaje jeszcze ponad teren oko\u0142o metra, tworzy ko\u0142o o \u015brednicy oko\u0142o 200 m, przeci\u0119te w p\u00f3\u0142nocnej cz\u0119\u015bci przez wa\u0142 przeciwpowodziowy. Zewn\u0105trz wa\u0142u g\u0142\u0119boka na par\u0119 metr\u00f3w i szeroka na kilka metr\u00f3w fosa, zachowana dzi\u015b cz\u0119\u015bciowo od strony zachodniej i po\u0142udniowej, z pozosta\u0142ych stron widoczna w formie zakl\u0119siny terenu wype\u0142nionej grz\u0105skim b\u0142otem. <sup>4<\/sup><\/p>\n<p><strong>znalezisko nieprecyzyjnie lokowane<\/strong><\/p>\n<p><span style=\"text-decoration: underline;\">Grodziec Ma\u0142y &#8211; lu\u017ane przed 1945 r.(?)<\/span><\/p>\n<p>wczesno\u015bredniowieczny brus (kamie\u0144 szlifierski) wykonany z piaskowca zlepie\u0144cowatego pochodzenia narzutowego<br \/>\n\u015brednica: 10,2-11,1 cm, grubo\u015b\u0107: 5 cm, otw\u00f3r: 3,7 x 3,9 cm <sup>5<\/sup><\/p>\n<p><a href=\"https:\/\/chruscielowisko.org\/wp-content\/uploads\/2023\/11\/brugrm001_02.jpg\"><img loading=\"lazy\" decoding=\"async\" class=\"wp-image-1742 size-thumbnail aligncenter\" src=\"https:\/\/chruscielowisko.org\/wp-content\/uploads\/2023\/11\/brugrm001_02-150x150.jpg\" alt=\"\" width=\"150\" height=\"150\" \/><\/a><\/p>\n<p><span style=\"text-decoration: underline;\">G\u0142og\u00f3w Pawie Oczka &#8211; wykopaliska<\/span><\/p>\n<p>3(?) ose\u0142ki pochodzenia skandynawskiego <sup>5<\/sup><\/p>\n<hr \/>\n<p><strong>Cytowane \u017ar\u00f3d\u0142a<\/strong><\/p>\n<p><small><sup>1<\/sup> Altschlesische Bl\u00e4tter, R. 13: 1938, s. 124;<\/small><\/p>\n<p><sup>2<\/sup> Demidziuk Krzysztof, &#8216;Archiwalia do archeologii dawnego obszaru kreis Glogau&#8217;, [w:] &#8216;G\u0142ogowskie Zeszyty Naukowe&#8217;, t. 4, G\u0142og\u00f3w 2000;<\/p>\n<p><sup>3<\/sup> Kaczkowski Mieczys\u0142aw, \u2018G\u0142og\u00f3w wczesno\u015bredniowieczny w \u015bwietle wykopalisk\u2019, [w:] \u2018Obronno\u015b\u0107 polskiej granicy zachodniej w dobie pierwszych Piast\u00f3w\u2019, s. 61, Wroc\u0142aw 1984;<\/p>\n<p><sup>4<\/sup> Kozaczewski Tadeusz, \u2018G\u0142og\u00f3w \u015bredniowieczny do ko\u0144ca XIII w.\u2019, s. 9, G\u0142og\u00f3w 2006;<\/p>\n<p><sup>5<\/sup> Lisowska Ewa, \u2018Wydobycie i dystrybucja surowc\u00f3w kamiennych we wczesnym \u015bredniowieczu na Dolnym \u015al\u0105sku\u2019, s. 29, 130, 133, 219, Wroc\u0142aw 2013;<\/p>\n<p><sup>6<\/sup> Wachowski Krzysztof, \u2018Cmentarzyska doby wczesnopiastowskiej\u2019, s. 86, Wroc\u0142aw-Warszawa-Krak\u00f3w-Gda\u0144sk 1975;<\/p>\n<p><sup>7<\/sup> http:\/\/gov.genealogy.net\/item\/show\/KLEITZJO81AQ<\/p>\n<p><sup>8<\/sup> Marek Robert G\u00f3rniak, &#8216;Grodziec Ma\u0142y \u2013 historia do roku 1945&#8217;, [w:] &#8216;Encyklopedia Ziemi G\u0142ogowskiej&#8217; z. 77, 2017 r.;<\/p>\n","protected":false},"excerpt":{"rendered":"<p>opublikowano: 2020-01-21, ostatnia aktualizacja: 2020-01-21 nazwa miejscowo\u015bci Klein Gr\u00e4ditz (do 1937 r.) Niederfeld (lata 1937-1945) Grodziec Ma\u0142y (po 1945 r.) 7 stanowiska W odnotowanym badaniach powierzchniowych z 1871 r. odnaleziono m.in. ceramik\u0119 grodziskow\u0105. Przed II wojn\u0105 \u015bw. archeolodzy odkryli 2 kolejne stanowiska (w 1926 i 1938 r.). Od 1968 r. prowadzono kolejne archeologiczne badania sonda\u017cowe&#8230;<\/p>\n","protected":false},"author":1,"featured_media":0,"parent":1052,"menu_order":0,"comment_status":"open","ping_status":"closed","template":"","meta":{"footnotes":""},"class_list":["post-1031","page","type-page","status-publish","hentry"],"_links":{"self":[{"href":"https:\/\/chruscielowisko.org\/index.php?rest_route=\/wp\/v2\/pages\/1031","targetHints":{"allow":["GET"]}}],"collection":[{"href":"https:\/\/chruscielowisko.org\/index.php?rest_route=\/wp\/v2\/pages"}],"about":[{"href":"https:\/\/chruscielowisko.org\/index.php?rest_route=\/wp\/v2\/types\/page"}],"author":[{"embeddable":true,"href":"https:\/\/chruscielowisko.org\/index.php?rest_route=\/wp\/v2\/users\/1"}],"replies":[{"embeddable":true,"href":"https:\/\/chruscielowisko.org\/index.php?rest_route=%2Fwp%2Fv2%2Fcomments&post=1031"}],"version-history":[{"count":24,"href":"https:\/\/chruscielowisko.org\/index.php?rest_route=\/wp\/v2\/pages\/1031\/revisions"}],"predecessor-version":[{"id":3176,"href":"https:\/\/chruscielowisko.org\/index.php?rest_route=\/wp\/v2\/pages\/1031\/revisions\/3176"}],"up":[{"embeddable":true,"href":"https:\/\/chruscielowisko.org\/index.php?rest_route=\/wp\/v2\/pages\/1052"}],"wp:attachment":[{"href":"https:\/\/chruscielowisko.org\/index.php?rest_route=%2Fwp%2Fv2%2Fmedia&parent=1031"}],"curies":[{"name":"wp","href":"https:\/\/api.w.org\/{rel}","templated":true}]}}